{"id":1449,"date":"2022-09-13T09:54:59","date_gmt":"2022-09-13T07:54:59","guid":{"rendered":"https:\/\/www.zorro.de\/blog\/?page_id=1449"},"modified":"2023-05-04T12:43:10","modified_gmt":"2023-05-04T10:43:10","slug":"gastro-kaffeemaschine-zkm-26","status":"publish","type":"page","link":"https:\/\/www.zorro.de\/blog\/gastro-kaffeemaschine-zkm-26\/","title":{"rendered":"LP Gastro Kaffeemaschine ZKM 26"},"content":{"rendered":"<section class=\"l-section wpb_row height_small\"><div class=\"l-section-h i-cf\"><div class=\"g-cols vc_row via_flex valign_top type_default stacking_default\"><div class=\"vc_col-sm-3 wpb_column vc_column_container\"><div class=\"vc_column-inner\"><div class=\"wpb_wrapper\"><div class=\"w-image has_ratio align_none\"><div class=\"w-image-h\"><div style=\"padding-bottom:150%\"><\/div><img loading=\"lazy\" decoding=\"async\" width=\"1024\" height=\"1024\" src=\"https:\/\/www.zorro.de\/blog\/wp-content\/uploads\/2022\/09\/zorro_kaffeemaschine_gastro_zkm_26_kurze_br_hzeit-1024x1024.jpg\" class=\"attachment-large size-large\" alt=\"Filterkaffeemaschine mit Thermoskanne Frontaufnahme\" srcset=\"https:\/\/www.zorro.de\/blog\/wp-content\/uploads\/2022\/09\/zorro_kaffeemaschine_gastro_zkm_26_kurze_br_hzeit-1024x1024.jpg 1024w, https:\/\/www.zorro.de\/blog\/wp-content\/uploads\/2022\/09\/zorro_kaffeemaschine_gastro_zkm_26_kurze_br_hzeit-300x300.jpg 300w, https:\/\/www.zorro.de\/blog\/wp-content\/uploads\/2022\/09\/zorro_kaffeemaschine_gastro_zkm_26_kurze_br_hzeit-150x150.jpg 150w, https:\/\/www.zorro.de\/blog\/wp-content\/uploads\/2022\/09\/zorro_kaffeemaschine_gastro_zkm_26_kurze_br_hzeit.jpg 1200w\" sizes=\"auto, (max-width: 1024px) 100vw, 1024px\" \/><\/div><\/div><\/div><\/div><\/div><div class=\"vc_col-sm-9 wpb_column vc_column_container has_bg_color\"><div class=\"vc_column-inner us_custom_29f40871\"><div class=\"wpb_wrapper\"><div class=\"wpb_text_column us_custom_677ac789 has_text_color\"><div class=\"wpb_wrapper\"><h2 class=\"page-title\" style=\"text-align: left;\"><span class=\"base\" data-ui-id=\"page-title-wrapper\">ZORRO Gastro Kaffeemaschine mit Thermoskanne ZKM 26<\/span><\/h2>\n<\/div><\/div><div class=\"wpb_text_column us_custom_29ac2ce0\"><div class=\"wpb_wrapper\"><p style=\"text-align: center;\"><span style=\"font-weight: 400;\">Einfach und zuverl\u00e4ssig in der\u00a0 Bedienung bereitet unsere gastro Filterkaffeemaschine in nur 7 Minuten 1,8 Liter feinsten Filterkaffee zu.\u00a0<\/span><\/p>\n<p>&nbsp;<\/p>\n<\/div><\/div><div class=\"w-actionbox us_custom_93517798 has_text_color color_primary controls_bottom\"><div class=\"w-actionbox-text\"><div class=\"w-actionbox-description\"><p>Filterkaffee ist wieder angesagt.<\/p>\n<p>Und das hat gute Gr\u00fcnde!<\/p>\n<\/div><\/div><div class=\"w-actionbox-controls\"><a class=\"w-btn us-btn-style_1\" href=\"https:\/\/www.zorro.de\/\/zorro-gastro-kaffeemaschine-mit-thermoskanne-zkm-26\"><span class=\"w-btn-label\">Filterkaffeemaschine jetzt kaufen<\/span><\/a><\/div><\/div><\/div><\/div><\/div><\/div><\/div><\/section><section class=\"l-section wpb_row us_custom_c3dc6b91 height_small with_img\"><div class=\"l-section-img\" style=\"background-image: url(https:\/\/www.zorro.de\/blog\/wp-content\/uploads\/2022\/09\/kaffeemaschine_barista_cafe.jpg);\" data-img-width=\"1349\" data-img-height=\"1200\"><\/div><div class=\"l-section-h i-cf\"><div class=\"g-cols vc_row via_flex valign_top type_default stacking_default\"><div class=\"vc_col-sm-4 wpb_column vc_column_container\"><div class=\"vc_column-inner\"><div class=\"wpb_wrapper\"><div class=\"wpb_text_column us_custom_74ed29cf has_text_color\"><div class=\"wpb_wrapper\"><p><span style=\"font-weight: 400;\">Wirklich jeder kann mit unserer gastro Filterkaffeemaschine wunderbaren Kaffee zubereiten. Lange Einweisungen von Personal sind nicht n\u00f6tig, die Bedienung sowie die Bef\u00fcllung ist einfach und schnell und die gastro Filterkaffeemaschine muss auch nicht mit Samthandschuhen angefasst werden. Unsere gastro Filterkaffeemaschine ist funktional und robust.<\/span><\/p>\n<\/div><\/div><div class=\"wpb_text_column us_custom_ee401fab has_text_color\"><div class=\"wpb_wrapper\"><p><span style=\"font-weight: 400;\">Die gastro Filterkaffeemaschine bereitet in k\u00fcrzester Zeit gro\u00dfe Mengen Kaffee zu, welcher direkt in der mitgelieferten Thermoskanne mit 2 L Fassungsverm\u00f6gen serviert werden kann und lange hei\u00df und frisch bleibt. In nur 7 Minuten bereiten Sie mit unserer gastro Filterkaffeemaschine 1,8 L aromatischen Filterkaffee zu.\u00a0<\/span><\/p>\n<\/div><\/div><\/div><\/div><\/div><div class=\"vc_col-sm-4 wpb_column vc_column_container\"><div class=\"vc_column-inner\"><div class=\"wpb_wrapper\"><div class=\"wpb_text_column us_custom_9835afe2 has_text_color\"><div class=\"wpb_wrapper\"><p style=\"text-align: center;\"><span style=\"font-weight: 400;\">Der Klassiker in der Kaffeezubereitung vereint eine absolut unkomplizierte Handhabung mit hervorragendem Kaffeegenuss.\u00a0<\/span><\/p>\n<\/div><\/div><\/div><\/div><\/div><div class=\"vc_col-sm-4 wpb_column vc_column_container\"><div class=\"vc_column-inner us_custom_1153e2dc\"><div class=\"wpb_wrapper\"><div class=\"wpb_text_column us_custom_74ed29cf has_text_color\"><div class=\"wpb_wrapper\"><p><span style=\"font-weight: 400;\">F\u00fcr unsere gastro Filterkaffeemaschine ist kein Festwasseranschlu\u00df notwendig und mit Ihrem 230 V Stromanschluss (normale Steckdose) und dem geringen Platzbedarf ist die gastro Filterkaffeemaschine \u00fcberall sofort Einsatzbereit. Die dazugeh\u00f6rige Thermoskanne kann genau dort hingestellt werden, wo sie gerade ben\u00f6tigt wird.\u00a0\u00a0<\/span><\/p>\n<\/div><\/div><div class=\"wpb_text_column us_custom_fa385f5a has_text_color\"><div class=\"wpb_wrapper\"><p><span style=\"font-weight: 400;\">Perfekt geeignet f\u00fcr Meetings oder Setups, in denen Ihre Kunden sich den Kaffee selbst zubereiten d\u00fcrfen. Frische Milch, Kaffeesahne und Zucker dazu reichen und jeder kreiert sein individuelles Kaffee-Erlebnis. Die dezente Optik und das ansprechende Design in Verbindung mit dem geringen Platzbedarf unserer gastro Filterkaffeemaschine, macht diese zur idealen Kaffeel\u00f6sung f\u00fcr alle R\u00e4umlichkeiten und Settings. <\/span><\/p>\n<\/div><\/div><\/div><\/div><\/div><\/div><\/div><\/section><section class=\"l-section wpb_row us_custom_9482b162 height_small\"><div class=\"l-section-h i-cf\"><div class=\"g-cols vc_row via_flex valign_top type_default stacking_default\"><div class=\"vc_col-sm-2 wpb_column vc_column_container\"><div class=\"vc_column-inner\"><div class=\"wpb_wrapper\"><div class=\"w-iconbox us_custom_79eee38b iconpos_top style_default color_primary align_center no_title no_text\"><div class=\"w-iconbox-icon\" style=\"font-size:3rem;\"><i class=\"material-icons\">coffee_maker<\/i><\/div><div class=\"w-iconbox-meta\"><\/div><\/div><div class=\"wpb_text_column\"><div class=\"wpb_wrapper\"><p>Thermoskanne aus Edelstahl<\/p>\n<\/div><\/div><\/div><\/div><\/div><div class=\"vc_col-sm-2 wpb_column vc_column_container\"><div class=\"vc_column-inner\"><div class=\"wpb_wrapper\"><div class=\"w-iconbox iconpos_top style_default color_primary align_center no_title no_text\"><div class=\"w-iconbox-icon\" style=\"font-size:3rem;\"><i class=\"material-icons\">schedule<\/i><\/div><div class=\"w-iconbox-meta\"><\/div><\/div><div class=\"wpb_text_column\"><div class=\"wpb_wrapper\"><p>Br\u00fchzeit 7 Minuten f\u00fcr 1,8 Liter Filterkaffee<\/p>\n<\/div><\/div><\/div><\/div><\/div><div class=\"vc_col-sm-2 wpb_column vc_column_container\"><div class=\"vc_column-inner\"><div class=\"wpb_wrapper\"><div class=\"w-iconbox iconpos_top style_default color_primary align_center no_title no_text\"><div class=\"w-iconbox-icon\" style=\"font-size:3rem;\"><i class=\"material-icons\">blur_on<\/i><\/div><div class=\"w-iconbox-meta\"><\/div><\/div><div class=\"wpb_text_column\"><div class=\"wpb_wrapper\"><p>Leicht zu reinigendes Edelstahlgeh\u00e4use<\/p>\n<\/div><\/div><\/div><\/div><\/div><div class=\"vc_col-sm-2 wpb_column vc_column_container\"><div class=\"vc_column-inner\"><div class=\"wpb_wrapper\"><div class=\"w-iconbox iconpos_top style_default color_primary align_center no_title no_text\"><div class=\"w-iconbox-icon\" style=\"font-size:3rem;\"><i class=\"material-icons\">thermostat<\/i><\/div><div class=\"w-iconbox-meta\"><\/div><\/div><div class=\"wpb_text_column\"><div class=\"wpb_wrapper\"><p>Aufbr\u00fchtemperatur \u00a0 \u00a092-96 \u00b0Celsius<\/p>\n<\/div><\/div><\/div><\/div><\/div><div class=\"vc_col-sm-2 wpb_column vc_column_container\"><div class=\"vc_column-inner\"><div class=\"wpb_wrapper\"><div class=\"w-iconbox iconpos_top style_default color_primary align_center no_title no_text\"><div class=\"w-iconbox-icon\" style=\"font-size:3rem;\"><i class=\"material-icons\">bolt<\/i><\/div><div class=\"w-iconbox-meta\"><\/div><\/div><div class=\"wpb_text_column\"><div class=\"wpb_wrapper\"><p>Stromanschluss 230 V (normale Steckdose)<\/p>\n<\/div><\/div><\/div><\/div><\/div><div class=\"vc_col-sm-2 wpb_column vc_column_container\"><div class=\"vc_column-inner\"><div class=\"wpb_wrapper\"><div class=\"w-iconbox iconpos_top style_default color_primary align_center no_title no_text\"><div class=\"w-iconbox-icon\" style=\"font-size:3rem;\"><i class=\"material-icons\">star<\/i><\/div><div class=\"w-iconbox-meta\"><\/div><\/div><div class=\"wpb_text_column\"><div class=\"wpb_wrapper\"><p>Platzsparendes, modernes Design<\/p>\n<\/div><\/div><\/div><\/div><\/div><\/div><\/div><\/section><section class=\"l-section wpb_row height_small\"><div class=\"l-section-h i-cf\"><div class=\"g-cols vc_row via_flex valign_top type_default stacking_default\"><div class=\"vc_col-sm-3 wpb_column vc_column_container\"><div class=\"vc_column-inner\"><div class=\"wpb_wrapper\"><div class=\"wpb_text_column\"><div class=\"wpb_wrapper\"><p><b>Die Reinigung der gastro Filterkaffeemaschine- denkbar einfach<\/b><\/p>\n<p><span style=\"font-weight: 400;\">Strenge Hygienerichtlinien in der Gastronomie werden mit unserer gastro Filterkaffeemaschine spielend leicht eingehalten. <\/span><\/p>\n<p><span style=\"font-weight: 400;\">Der\u00a0<\/span><a href=\"https:\/\/www.zorro.de\/saro-entkalker-750-ml\"><span style=\"font-weight: 400;\">Entkalker<\/span><\/a><span style=\"font-weight: 400;\"> sorgt f\u00fcr Reinheit im Ger\u00e4t. F\u00fcr saubere und streifenfreie Ergebnisse au\u00dfen mit <\/span><a href=\"https:\/\/www.zorro.de\/saro-edelstahl-reiniger-modell-r-50\"><span style=\"font-weight: 400;\">Edelstahl Reiniger<\/span><\/a><span style=\"font-weight: 400;\"> abwischen und den Filterhalter aus Kunststoff mit Wasser und Sp\u00fclmittel oder in der Sp\u00fclmaschine reinigen. <\/span><\/p>\n<p><span style=\"font-weight: 400;\">So wird die gastro Filterkaffemaschine hygienisch rein und ist bereit f\u00fcr den n\u00e4chsten Einsatz. <\/span><\/p>\n<\/div><\/div><\/div><\/div><\/div><div class=\"vc_col-sm-9 wpb_column vc_column_container\"><div class=\"vc_column-inner\"><div class=\"wpb_wrapper\"><div class=\"w-image align_none\"><div class=\"w-image-h\"><img loading=\"lazy\" decoding=\"async\" width=\"1024\" height=\"683\" src=\"https:\/\/www.zorro.de\/blog\/wp-content\/uploads\/2022\/09\/andreas-behr-2Nvb1iI4YOU-unsplash-1024x683.jpg\" class=\"attachment-large size-large\" alt=\"benutzte Kaffeetassen\" srcset=\"https:\/\/www.zorro.de\/blog\/wp-content\/uploads\/2022\/09\/andreas-behr-2Nvb1iI4YOU-unsplash-1024x683.jpg 1024w, https:\/\/www.zorro.de\/blog\/wp-content\/uploads\/2022\/09\/andreas-behr-2Nvb1iI4YOU-unsplash-300x200.jpg 300w\" sizes=\"auto, (max-width: 1024px) 100vw, 1024px\" \/><\/div><\/div><\/div><\/div><\/div><\/div><\/div><\/section><section class=\"l-section wpb_row height_small\"><div class=\"l-section-h i-cf\"><div class=\"g-cols vc_row via_flex valign_top type_default stacking_default\"><div class=\"vc_col-sm-3 wpb_column vc_column_container\"><div class=\"vc_column-inner\"><div class=\"wpb_wrapper\"><div class=\"w-image has_ratio align_none\"><div class=\"w-image-h\"><div style=\"padding-bottom:75%\"><\/div><img loading=\"lazy\" decoding=\"async\" width=\"1024\" height=\"683\" src=\"https:\/\/www.zorro.de\/blog\/wp-content\/uploads\/2022\/09\/gastro_kaffeemaschine_einf_ll_ffnung_zkm_26_zorro-1024x683.jpg\" class=\"attachment-large size-large\" alt=\"Einf\u00fcll\u00f6ffnung mit Edelstahlsieb zum Schutz vor Schmutzpartikeln\" srcset=\"https:\/\/www.zorro.de\/blog\/wp-content\/uploads\/2022\/09\/gastro_kaffeemaschine_einf_ll_ffnung_zkm_26_zorro-1024x683.jpg 1024w, https:\/\/www.zorro.de\/blog\/wp-content\/uploads\/2022\/09\/gastro_kaffeemaschine_einf_ll_ffnung_zkm_26_zorro-300x200.jpg 300w, https:\/\/www.zorro.de\/blog\/wp-content\/uploads\/2022\/09\/gastro_kaffeemaschine_einf_ll_ffnung_zkm_26_zorro.jpg 1800w\" sizes=\"auto, (max-width: 1024px) 100vw, 1024px\" \/><\/div><\/div><div class=\"wpb_text_column us_custom_deae0456\"><div class=\"wpb_wrapper\"><p style=\"text-align: center;\">Einf\u00fcll\u00f6ffnung mit Edelstahlsieb zum Schutz vor Schmutzpartikeln<\/p>\n<\/div><\/div><\/div><\/div><\/div><div class=\"vc_col-sm-3 wpb_column vc_column_container\"><div class=\"vc_column-inner\"><div class=\"wpb_wrapper\"><div class=\"w-image align_none\"><div class=\"w-image-h\"><img loading=\"lazy\" decoding=\"async\" width=\"1024\" height=\"1024\" src=\"https:\/\/www.zorro.de\/blog\/wp-content\/uploads\/2022\/09\/gastronomie_kaffeemaschine_mit_thermoskanne_zkm_26-1024x1024.jpg\" class=\"attachment-large size-large\" alt=\"Seitenbild Kaffeefiltermaschine mit Thermoskanne und Kunststoff Filterhalter\" srcset=\"https:\/\/www.zorro.de\/blog\/wp-content\/uploads\/2022\/09\/gastronomie_kaffeemaschine_mit_thermoskanne_zkm_26-1024x1024.jpg 1024w, https:\/\/www.zorro.de\/blog\/wp-content\/uploads\/2022\/09\/gastronomie_kaffeemaschine_mit_thermoskanne_zkm_26-300x300.jpg 300w, https:\/\/www.zorro.de\/blog\/wp-content\/uploads\/2022\/09\/gastronomie_kaffeemaschine_mit_thermoskanne_zkm_26-150x150.jpg 150w, https:\/\/www.zorro.de\/blog\/wp-content\/uploads\/2022\/09\/gastronomie_kaffeemaschine_mit_thermoskanne_zkm_26.jpg 1200w\" sizes=\"auto, (max-width: 1024px) 100vw, 1024px\" \/><\/div><\/div><div class=\"wpb_text_column us_custom_deae0456\"><div class=\"wpb_wrapper\"><ul>\n<li>Edelstahl Thermoskanne<\/li>\n<li>Edelstahlgeh\u00e4use<\/li>\n<li>kunststoff Filterhalter<\/li>\n<\/ul>\n<\/div><\/div><\/div><\/div><\/div><div class=\"vc_col-sm-3 wpb_column vc_column_container\"><div class=\"vc_column-inner\"><div class=\"wpb_wrapper\"><div class=\"w-image align_none\"><div class=\"w-image-h\"><img loading=\"lazy\" decoding=\"async\" width=\"1024\" height=\"1024\" src=\"https:\/\/www.zorro.de\/blog\/wp-content\/uploads\/2022\/09\/zorro_gastro_kaffeemschine_edelstahl-1024x1024.jpg\" class=\"attachment-large size-large\" alt=\"\u00dcberhitzungsschutz und r\u00fcckseitiger Sicherungsschalter\" srcset=\"https:\/\/www.zorro.de\/blog\/wp-content\/uploads\/2022\/09\/zorro_gastro_kaffeemschine_edelstahl-1024x1024.jpg 1024w, https:\/\/www.zorro.de\/blog\/wp-content\/uploads\/2022\/09\/zorro_gastro_kaffeemschine_edelstahl-300x300.jpg 300w, https:\/\/www.zorro.de\/blog\/wp-content\/uploads\/2022\/09\/zorro_gastro_kaffeemschine_edelstahl-150x150.jpg 150w, https:\/\/www.zorro.de\/blog\/wp-content\/uploads\/2022\/09\/zorro_gastro_kaffeemschine_edelstahl.jpg 1200w\" sizes=\"auto, (max-width: 1024px) 100vw, 1024px\" \/><\/div><\/div><div class=\"wpb_text_column us_custom_deae0456\"><div class=\"wpb_wrapper\"><p style=\"text-align: center;\">\u00dcberhitzungsschutz und r\u00fcckseitiger Sicherungsschalter<\/p>\n<\/div><\/div><\/div><\/div><\/div><div class=\"vc_col-sm-3 wpb_column vc_column_container\"><div class=\"vc_column-inner\"><div class=\"wpb_wrapper\"><div class=\"w-image has_ratio align_none\"><div class=\"w-image-h\"><div style=\"padding-bottom:66.6667%\"><\/div><img loading=\"lazy\" decoding=\"async\" width=\"1024\" height=\"830\" src=\"https:\/\/www.zorro.de\/blog\/wp-content\/uploads\/2022\/09\/gastro_kaffemaschine_design-1024x830.jpg\" class=\"attachment-large size-large\" alt=\"Nahaufnahme Schriftzug Zorro Caffee und Wasserdurchlaufanzeige\" srcset=\"https:\/\/www.zorro.de\/blog\/wp-content\/uploads\/2022\/09\/gastro_kaffemaschine_design-1024x830.jpg 1024w, https:\/\/www.zorro.de\/blog\/wp-content\/uploads\/2022\/09\/gastro_kaffemaschine_design-300x243.jpg 300w, https:\/\/www.zorro.de\/blog\/wp-content\/uploads\/2022\/09\/gastro_kaffemaschine_design.jpg 1481w\" sizes=\"auto, (max-width: 1024px) 100vw, 1024px\" \/><\/div><\/div><div class=\"wpb_text_column us_custom_deae0456\"><div class=\"wpb_wrapper\"><p style=\"text-align: center;\">Wasserdurchlaufanzeige<\/p>\n<\/div><\/div><\/div><\/div><\/div><\/div><\/div><\/section><section class=\"l-section wpb_row height_small\"><div class=\"l-section-h i-cf\"><div class=\"g-cols vc_row via_flex valign_top type_default stacking_default\"><div class=\"vc_col-sm-3 wpb_column vc_column_container\"><div class=\"vc_column-inner\"><div class=\"wpb_wrapper\"><div class=\"wpb_text_column\"><div class=\"wpb_wrapper\"><h5 class=\"a-spacing-mini a-color-secondary\">Thermoskanne<\/h5>\n<ul class=\"a-unordered-list a-vertical\">\n<li><span class=\"a-list-item\">Abmessungen Thermoskanne: \u2300 unten: 138 mm \u2300 oben 90 mm<\/span><\/li>\n<li><span class=\"a-list-item\">H\u00f6he mit Deckel: 280 mm<\/span><\/li>\n<li><span class=\"a-list-item\">H\u00f6he ohne Deckel: 260 mm<\/span><\/li>\n<li><span class=\"a-list-item\">Maximaler F\u00fcllstand: 2,0 Liter<\/span><\/li>\n<li><span class=\"a-list-item\">Anzahl Kaffeetassen: 10<\/span><\/li>\n<\/ul>\n<\/div><\/div><\/div><\/div><\/div><div class=\"vc_col-sm-3 wpb_column vc_column_container\"><div class=\"vc_column-inner\"><div class=\"wpb_wrapper\"><div class=\"wpb_text_column us_custom_deae0456\"><div class=\"wpb_wrapper\"><p style=\"text-align: left;\">Ma\u00dfe und technische Daten<\/p>\n<\/div><\/div><div class=\"wpb_text_column us_custom_deae0456\"><div class=\"wpb_wrapper\"><div class=\"a-box a-spacing-small a-color-alternate-background apm-listbox\">\n<div class=\"a-box-inner\">\n<ul class=\"a-unordered-list a-vertical\">\n<li><span class=\"a-list-item\"><span class=\"a-size-base\">Anschluss: 230 V (Steckerfertig) <\/span><\/span><\/li>\n<li><span class=\"a-list-item\"><span class=\"a-size-base\">Breite: 207 mm <\/span><\/span><\/li>\n<li><span class=\"a-list-item\"><span class=\"a-size-base\">Tiefe: 385 mm <\/span><\/span><\/li>\n<li><span class=\"a-list-item\"><span class=\"a-size-base\">H\u00f6he: 545 mm<\/span><\/span><\/li>\n<\/ul>\n<\/div>\n<\/div>\n<\/div><\/div><\/div><\/div><\/div><\/div><\/div><\/section><section class=\"l-section wpb_row height_small with_img\"><div class=\"l-section-img\" style=\"background-image: url(https:\/\/www.zorro.de\/blog\/wp-content\/uploads\/2022\/09\/ilona-frey-Bwxi8qCLGWw-unsplash-scaled.jpg);\" data-img-width=\"2560\" data-img-height=\"1773\"><\/div><div class=\"l-section-h i-cf\"><div class=\"g-cols vc_row via_flex valign_top type_default stacking_default\"><div class=\"vc_col-sm-6 wpb_column vc_column_container has_bg_color\"><div class=\"vc_column-inner us_custom_dbaa7aa7\"><div class=\"vc_column-overlay\" style=\"background:var(--color-header-top-transparent-text)\"><\/div><div class=\"wpb_wrapper\"><div class=\"wpb_text_column\"><div class=\"wpb_wrapper\"><p><b>Kaffeesorte und Filter f\u00fcr die gastro Filterkaffeemaschine<\/b><\/p>\n<p><span style=\"font-weight: 400;\">Hellere R\u00f6stungen eignen sich besser f\u00fcr die Zubereitung in unserer gastro Filterkaffeemaschine als z.B. dunkel ger\u00f6stete Espressobohnen. <\/span><\/p>\n<p><span style=\"font-weight: 400;\">Die Wirtschaftlichkeit von Kaffee aus unserer gastro Filterkaffeemaschine ist sogar bei h\u00f6herer Bohnenqualit\u00e4t noch gegeben. <\/span><\/p>\n<p><span style=\"font-weight: 400;\">Die Bohnenqualit\u00e4t sollte f\u00fcr einen aromatischen und ausgewogenen (Filter-)Kaffeegenuss mit wenig Bitterstoffen nicht vernachl\u00e4ssigt werden.\u00a0<\/span><\/p>\n<\/div><\/div><\/div><\/div><\/div><div class=\"vc_col-sm-6 wpb_column vc_column_container has_bg_color\"><div class=\"vc_column-inner us_custom_dbaa7aa7\"><div class=\"vc_column-overlay\" style=\"background:var(--color-header-top-transparent-text)\"><\/div><div class=\"wpb_wrapper\"><div class=\"wpb_text_column\"><div class=\"wpb_wrapper\"><p><span style=\"font-weight: 400;\">\u00dcbrigens werden von der Specialty Coffee Association f\u00fcr den perfekten Filterkaffee 5-6 g Kaffeepulver je 100 ml Wasser empfohlen.<\/span><\/p>\n<\/div><\/div><div class=\"wpb_text_column\"><div class=\"wpb_wrapper\"><p><span style=\"font-weight: 400;\">Als Kaffeefilter f\u00fcr unsere gastro Filterkaffeemaschine k\u00f6nnen Filter mit den Abmessungen: \u2300 150 mm T 95 mm verwendet werden. 10 St\u00fcck davon sind bereits im Lieferumfang bei Bestellung unserer gastro Filterkaffeemaschine inklusive.<\/span><\/p>\n<\/div><\/div><\/div><\/div><\/div><\/div><\/div><\/section><section class=\"l-section wpb_row height_small\"><div class=\"l-section-h i-cf\"><div class=\"g-cols vc_row via_flex valign_top type_default stacking_default\"><div class=\"vc_col-sm-12 wpb_column vc_column_container\"><div class=\"vc_column-inner\"><div class=\"wpb_wrapper\"><div class=\"w-actionbox us_custom_4e68284d has_text_color color_primary controls_bottom\"><div class=\"w-actionbox-text\"><\/div><div class=\"w-actionbox-controls\"><a class=\"w-btn us-btn-style_1\" href=\"https:\/\/www.zorro.de\/\/zorro-gastro-kaffeemaschine-mit-thermoskanne-zkm-26\"><span class=\"w-btn-label\">Filterkaffeemaschine jetzt kaufen<\/span><\/a><\/div><\/div><div class=\"wpb_text_column\"><div class=\"wpb_wrapper\"><h4 style=\"text-align: center;\">Fragen?<\/h4>\n<h4 style=\"text-align: center;\">Wir haben Antworten!<\/h4>\n<h4 style=\"text-align: center;\">Entweder unter FAQs, oder \u00fcber unseren Kundendienst per\u00a0<a href=\"https:\/\/api.whatsapp.com\/send\/?phone=4917634697316&amp;text&amp;type=phone_number&amp;app_absent=0\">Whatsapp<\/a>, Telefon <a href=\"tel:0 800 - 72 12 72 12\">0 800 &#8211; 72 12 72 12<\/a>\u00a0oder unser\u00a0<a href=\"https:\/\/www.zorro.de\/blog\/servicedesk\/#kontakt\">Kontaktformular<\/a>.<\/h4>\n<\/div><\/div><\/div><\/div><\/div><\/div><\/div><\/section>\n","protected":false},"excerpt":{"rendered":"ZORRO Gastro Kaffeemaschine mit Thermoskanne ZKM 26 Einfach und zuverl\u00e4ssig in der\u00a0 Bedienung bereitet unsere gastro Filterkaffeemaschine in nur 7 Minuten 1,8 Liter feinsten Filterkaffee zu.\u00a0 &nbsp; Filterkaffee ist wieder angesagt. Und das hat gute Gr\u00fcnde! Filterkaffeemaschine jetzt kaufenWirklich jeder kann mit unserer gastro Filterkaffeemaschine wunderbaren Kaffee zubereiten. Lange Einweisungen von Personal sind nicht n\u00f6tig,...","protected":false},"author":5,"featured_media":0,"parent":0,"menu_order":0,"comment_status":"closed","ping_status":"closed","template":"","meta":{"inline_featured_image":false,"footnotes":""},"class_list":["post-1449","page","type-page","status-publish","hentry"],"_links":{"self":[{"href":"https:\/\/www.zorro.de\/blog\/wp-json\/wp\/v2\/pages\/1449","targetHints":{"allow":["GET"]}}],"collection":[{"href":"https:\/\/www.zorro.de\/blog\/wp-json\/wp\/v2\/pages"}],"about":[{"href":"https:\/\/www.zorro.de\/blog\/wp-json\/wp\/v2\/types\/page"}],"author":[{"embeddable":true,"href":"https:\/\/www.zorro.de\/blog\/wp-json\/wp\/v2\/users\/5"}],"replies":[{"embeddable":true,"href":"https:\/\/www.zorro.de\/blog\/wp-json\/wp\/v2\/comments?post=1449"}],"version-history":[{"count":182,"href":"https:\/\/www.zorro.de\/blog\/wp-json\/wp\/v2\/pages\/1449\/revisions"}],"predecessor-version":[{"id":1717,"href":"https:\/\/www.zorro.de\/blog\/wp-json\/wp\/v2\/pages\/1449\/revisions\/1717"}],"wp:attachment":[{"href":"https:\/\/www.zorro.de\/blog\/wp-json\/wp\/v2\/media?parent=1449"}],"curies":[{"name":"wp","href":"https:\/\/api.w.org\/{rel}","templated":true}]}}