{"id":17,"date":"2021-06-10T12:40:28","date_gmt":"2021-06-10T10:40:28","guid":{"rendered":"https:\/\/www.zorro.de\/blog\/?page_id=17"},"modified":"2022-11-23T13:20:18","modified_gmt":"2022-11-23T12:20:18","slug":"saladetten-fuer-gastronomie","status":"publish","type":"page","link":"https:\/\/www.zorro.de\/blog\/saladetten-fuer-gastronomie\/","title":{"rendered":"Saladetten f\u00fcr Gastronomie"},"content":{"rendered":"<section class=\"l-section wpb_row height_small with_img\"><div class=\"l-section-img\" style=\"background-image: url(https:\/\/www.zorro.de\/blog\/wp-content\/uploads\/2021\/06\/yoav-aziz-AiHJiRCwB3w-unsplash.jpg);background-repeat: no-repeat;\" data-img-width=\"1920\" data-img-height=\"1647\"><\/div><div class=\"l-section-overlay\" style=\"background:rgba(255,255,255,0.75)\"><\/div><div class=\"l-section-h i-cf\"><div class=\"g-cols vc_row via_flex valign_top type_default stacking_default\"><div class=\"vc_col-sm-12 wpb_column vc_column_container\"><div class=\"vc_column-inner\"><div class=\"wpb_wrapper\"><div class=\"wpb_text_column\"><div class=\"wpb_wrapper\"><h1>Saladette f\u00fcr Gastro-Einsatz in Imbiss und K\u00fcche<\/h1>\n<\/div><\/div><div class=\"wpb_text_column\"><div class=\"wpb_wrapper\"><p>Zutaten in der Gastronomie griffbereit k\u00fchlen und pr\u00e4sentieren. Ideale L\u00f6sung f\u00fcr Imbiss, K\u00fcche und Selbstbedienung bei Salattheken.<\/p>\n<\/div><\/div><\/div><\/div><\/div><\/div><\/div><\/section><section class=\"l-section wpb_row height_small\"><div class=\"l-section-h i-cf\"><div class=\"g-cols vc_row via_flex valign_top type_default stacking_default\"><div class=\"vc_col-sm-6 wpb_column vc_column_container\"><div class=\"vc_column-inner\"><div class=\"wpb_wrapper\"><div class=\"wpb_text_column\"><div class=\"wpb_wrapper\"><p><strong>Modell-Varianten<\/strong><\/p>\n<ul>\n<li>Einlass f\u00fcr GN-Beh\u00e4lter zur K\u00fchlung<\/li>\n<li>Glasaufsatz im Kundenbereich als K\u00fchltheke<\/li>\n<li>Schiebe-Klappdeckel f\u00fcr Einsatz in der K\u00fcche<\/li>\n<li>integriertes Schneidebrett aus Polyethylen<\/li>\n<\/ul>\n<\/div><\/div><\/div><\/div><\/div><div class=\"vc_col-sm-6 wpb_column vc_column_container\"><div class=\"vc_column-inner\"><div class=\"wpb_wrapper\"><div class=\"wpb_text_column\"><div class=\"wpb_wrapper\"><p><strong>Einlass f\u00fcr GN-Beh\u00e4lter<\/strong><\/p>\n<p>Eine Saladette hat an der Oberseite des Ger\u00e4tes typischerweise Einl\u00e4sse f\u00fcr GN-Beh\u00e4lter. Dieser l\u00e4sst sich je nach Bedarf mittels passender Zwischenstege individuell anpassen. Dadurch sind Zutaten direkt griffbereit f\u00fcr die Zubereitung und sie lassen sich zudem k\u00fchlen und im Kundenbereich pr\u00e4sentieren.<\/p>\n<\/div><\/div><\/div><\/div><\/div><\/div><\/div><\/section><section class=\"l-section wpb_row height_small\"><div class=\"l-section-h i-cf\"><div class=\"g-cols vc_row via_flex valign_top type_default stacking_default\"><div class=\"vc_col-sm-4 wpb_column vc_column_container\"><div class=\"vc_column-inner\"><div class=\"wpb_wrapper\"><div class=\"wpb_text_column\"><div class=\"wpb_wrapper\"><p><strong> Glasaufsatz<\/strong><\/p>\n<p>Als K\u00fchltheke im Kundenbereich eignet sich ein Ger\u00e4t mit einem Glasaufsatz. Das ist vor allem praktisch in einem Imbiss, wo der Kunde die Zutaten f\u00fcr seine Speisen ausw\u00e4hlt.<\/p>\n<p>In einem D\u00f6ner-Imbiss oder auch f\u00fcr ein Sandwich setzt man damit individuelle Kundenw\u00fcnsche leicht um. Zudem eignet sich das Modell zur Selbstbedienung f\u00fcr z. B. eine Salattheke.<\/p>\n<\/div><\/div><\/div><\/div><\/div><div class=\"vc_col-sm-4 wpb_column vc_column_container\"><div class=\"vc_column-inner\"><div class=\"wpb_wrapper\"><div class=\"wpb_text_column\"><div class=\"wpb_wrapper\"><p><strong>Schiebe-Klappdeckel<\/strong><\/p>\n<p>Speziell in der K\u00fcche oder au\u00dferhalb des Sichtbereichs des Kunden, eignet sich ein Modell mit einem Schiebe-Klappdeckel. Die Speisen lassen sich damit abdecken. Bei Bedarf l\u00e4sst sich der Schiebedeckel teilweise \u00f6ffnen oder kann vollst\u00e4ndig nach oben geklappt werden. Bei ge\u00f6ffnetem Deckel eignet sich das Ger\u00e4t auch als Salatbar.<\/p>\n<\/div><\/div><\/div><\/div><\/div><div class=\"vc_col-sm-4 wpb_column vc_column_container\"><div class=\"vc_column-inner\"><div class=\"wpb_wrapper\"><div class=\"wpb_text_column\"><div class=\"wpb_wrapper\"><p><strong>Integriertes Schneidebrett<\/strong><\/p>\n<p>Diese Art von K\u00fchltisch besitzt ein integriertes Schneidebrett aus Polyethylen-Kunststoff. Darauf lassen sich Zutaten zurecht schneiden, sowie Salate und Sandwiches zubereiten.<\/p>\n<\/div><\/div><\/div><\/div><\/div><\/div><\/div><\/section><section class=\"l-section wpb_row us_custom_6df4bc3a has_text_color height_small with_img\"><div class=\"l-section-img\" style=\"background-image: url(https:\/\/www.zorro.de\/blog\/wp-content\/uploads\/2021\/06\/petra-cigale-CLtxWYH4sYs-unsplash.jpg);\" data-img-width=\"1920\" data-img-height=\"1280\"><\/div><div class=\"l-section-overlay\" style=\"background:linear-gradient(35deg,rgba(51,51,51,0.25),#1e7872)\"><\/div><div class=\"l-section-h i-cf\"><div class=\"g-cols vc_row via_flex valign_top type_default stacking_default\"><div class=\"vc_col-sm-12 wpb_column vc_column_container\"><div class=\"vc_column-inner\"><div class=\"wpb_wrapper\"><div class=\"wpb_text_column us_custom_539f15ee\"><div class=\"wpb_wrapper\"><h2>Weitere Kriterien f\u00fcr die Auswahl von Saladetten<\/h2>\n<\/div><\/div><\/div><\/div><\/div><div class=\"vc_col-sm-4 wpb_column vc_column_container\"><div class=\"vc_column-inner\"><div class=\"wpb_wrapper\"><div class=\"wpb_text_column\"><div class=\"wpb_wrapper\"><p><strong>Energieklasse<\/strong><\/p>\n<p>Bei einem Dauerbetrieb des K\u00fchlger\u00e4ts ist der Energieverbrauch ein Merkmal f\u00fcr die Auswahl.<\/p>\n<\/div><\/div><\/div><\/div><\/div><div class=\"vc_col-sm-4 wpb_column vc_column_container\"><div class=\"vc_column-inner\"><div class=\"wpb_wrapper\"><div class=\"wpb_text_column\"><div class=\"wpb_wrapper\"><p><strong>Eignung f\u00fcr GN-Gr\u00f6\u00dfen<\/strong><\/p>\n<p>Speisen haben unterschiedliche Konsistenzen und ben\u00f6tigen mehr oder weniger Platz f\u00fcr die Aufbewahrung. Deshalb sind gerade Ger\u00e4te interessant, welche den Einsatz von verschiedenen Gr\u00f6\u00dfen an GN-Beh\u00e4ltern erm\u00f6glichen.<\/p>\n<\/div><\/div><\/div><\/div><\/div><div class=\"vc_col-sm-4 wpb_column vc_column_container\"><div class=\"vc_column-inner\"><div class=\"wpb_wrapper\"><div class=\"wpb_text_column\"><div class=\"wpb_wrapper\"><p><strong>Stauelemente im unteren Bereich<\/strong><\/p>\n<p>Hilfreich sind verstellbare Roste im unteren Bereich der K\u00fchlelemente, welche durch T\u00fcren zug\u00e4ngig sind. Dadurch l\u00e4sst sich der Stauraum einfach an die eigenen Bed\u00fcrfnisse anpassen. Zudem eignen sich weitere Auflageschienen auch f\u00fcr K\u00f6rbe und Einlegeb\u00f6den. Praktisch ist au\u00dferdem eine Magnet T\u00fcrdichtung, welche bei Bedarf ausgewechselt werden kann.<\/p>\n<\/div><\/div><\/div><\/div><\/div><\/div><\/div><\/section>\n","protected":false},"excerpt":{"rendered":"Saladette f\u00fcr Gastro-Einsatz in Imbiss und K\u00fcche Zutaten in der Gastronomie griffbereit k\u00fchlen und pr\u00e4sentieren. Ideale L\u00f6sung f\u00fcr Imbiss, K\u00fcche und Selbstbedienung bei Salattheken. Modell-Varianten Einlass f\u00fcr GN-Beh\u00e4lter zur K\u00fchlung Glasaufsatz im Kundenbereich als K\u00fchltheke Schiebe-Klappdeckel f\u00fcr Einsatz in der K\u00fcche integriertes Schneidebrett aus Polyethylen Einlass f\u00fcr GN-Beh\u00e4lter Eine Saladette hat an der Oberseite des...","protected":false},"author":1,"featured_media":0,"parent":0,"menu_order":0,"comment_status":"closed","ping_status":"closed","template":"","meta":{"inline_featured_image":false,"footnotes":""},"class_list":["post-17","page","type-page","status-publish","hentry"],"_links":{"self":[{"href":"https:\/\/www.zorro.de\/blog\/wp-json\/wp\/v2\/pages\/17","targetHints":{"allow":["GET"]}}],"collection":[{"href":"https:\/\/www.zorro.de\/blog\/wp-json\/wp\/v2\/pages"}],"about":[{"href":"https:\/\/www.zorro.de\/blog\/wp-json\/wp\/v2\/types\/page"}],"author":[{"embeddable":true,"href":"https:\/\/www.zorro.de\/blog\/wp-json\/wp\/v2\/users\/1"}],"replies":[{"embeddable":true,"href":"https:\/\/www.zorro.de\/blog\/wp-json\/wp\/v2\/comments?post=17"}],"version-history":[{"count":16,"href":"https:\/\/www.zorro.de\/blog\/wp-json\/wp\/v2\/pages\/17\/revisions"}],"predecessor-version":[{"id":20,"href":"https:\/\/www.zorro.de\/blog\/wp-json\/wp\/v2\/pages\/17\/revisions\/20"}],"wp:attachment":[{"href":"https:\/\/www.zorro.de\/blog\/wp-json\/wp\/v2\/media?parent=17"}],"curies":[{"name":"wp","href":"https:\/\/api.w.org\/{rel}","templated":true}]}}