{"id":1830,"date":"2023-05-20T13:58:43","date_gmt":"2023-05-20T11:58:43","guid":{"rendered":"https:\/\/www.zorro.de\/blog\/?page_id=1830"},"modified":"2023-06-23T11:25:42","modified_gmt":"2023-06-23T09:25:42","slug":"flaschenkuehlschrank","status":"publish","type":"page","link":"https:\/\/www.zorro.de\/blog\/flaschenkuehlschrank\/","title":{"rendered":"Flaschenk\u00fchlschrank"},"content":{"rendered":"<section class=\"l-section wpb_row height_small\"><div class=\"l-section-h i-cf\"><div class=\"g-cols vc_row via_flex valign_top type_default stacking_default\"><div class=\"vc_col-sm-3 wpb_column vc_column_container\"><div class=\"vc_column-inner us_custom_558fb458\"><div class=\"wpb_wrapper\"><div class=\"w-image us_custom_115aa6c7 align_center\"><div class=\"w-image-h\"><img loading=\"lazy\" decoding=\"async\" width=\"163\" height=\"400\" src=\"https:\/\/www.zorro.de\/blog\/wp-content\/uploads\/2023\/05\/flaschenkuehlschrank-glastuer.png\" class=\"attachment-large size-large\" alt=\"flaschenkuehlschrank-glastuer\" srcset=\"https:\/\/www.zorro.de\/blog\/wp-content\/uploads\/2023\/05\/flaschenkuehlschrank-glastuer.png 163w, https:\/\/www.zorro.de\/blog\/wp-content\/uploads\/2023\/05\/flaschenkuehlschrank-glastuer-122x300.png 122w\" sizes=\"auto, (max-width: 163px) 100vw, 163px\" \/><\/div><\/div><\/div><\/div><\/div><div class=\"vc_col-sm-9 wpb_column vc_column_container\"><div class=\"vc_column-inner us_custom_916d5e53\"><div class=\"wpb_wrapper\"><div class=\"wpb_text_column us_custom_edb423b1\"><div class=\"wpb_wrapper\"><h1 style=\"text-align: center;\">Flaschenk\u00fchlschr\u00e4nke<\/h1>\n<\/div><\/div><div class=\"wpb_text_column us_custom_edb423b1\"><div class=\"wpb_wrapper\"><p style=\"text-align: center;\">Worauf es bei der Auswahl von Flaschenk\u00fchlschr\u00e4nken ankommt.<\/p>\n<\/div><\/div><\/div><\/div><\/div><\/div><\/div><\/section><section class=\"l-section wpb_row us_custom_c3dc6b91 height_small with_img\"><div class=\"l-section-img\" style=\"background-image: url(https:\/\/www.zorro.de\/blog\/wp-content\/uploads\/2023\/05\/flaschenkuehlschrank-zorro-guenstig.jpeg);background-size: contain;\" data-img-width=\"1500\" data-img-height=\"1001\"><\/div><div class=\"l-section-h i-cf\"><div class=\"g-cols vc_row via_flex valign_top type_default stacking_default\"><div class=\"vc_col-sm-6 wpb_column vc_column_container\"><div class=\"vc_column-inner\"><div class=\"wpb_wrapper\"><div class=\"wpb_text_column us_custom_2a348261 has_text_color\"><div class=\"wpb_wrapper\"><h1>Du m\u00f6chtest Flaschen k\u00fchlen?<\/h1>\n<\/div><\/div><div class=\"wpb_text_column us_custom_6f26980b has_text_color\"><div class=\"wpb_wrapper\"><h3>M\u00f6gliche Kaufkriterien<\/h3>\n<ul>\n<li>K\u00fchlvolumen &amp; Temperaturbereich<\/li>\n<li>Design &amp; Kundenzugang<\/li>\n<li>Transportf\u00e4higkeit<\/li>\n<li>Energieeffizienz \/ Energieeffizienzklasse<\/li>\n<li>Preis-Leistung<\/li>\n<\/ul>\n<\/div><\/div><div class=\"wpb_text_column us_custom_6f26980b has_text_color\"><div class=\"wpb_wrapper\"><h3>K\u00fchlvolumen &amp; Temperaturbereich<\/h3>\n<p>Sicherlich solltest Du Dir zuerst die Frage stellen, wie viele Flaschen und welche Gr\u00f6\u00dfe Du k\u00fchlen m\u00f6chtest.<br \/>\nSprich: Welches Volumen ben\u00f6tigst Du? ZORRO bietet Dir K\u00fchlschrankmodelle ab ca. 160 bis 800 Liter Volumen an. Welcher Temperaturbereich ist Dir wichtig?<br \/>\nGerade in Verbindung mit der K\u00fchlleistung sind das wichtige Fragegestellungen, bei denen wir Dir gerne beratend zur Seite stehen.<\/p>\n<\/div><\/div><div class=\"wpb_text_column us_custom_6f26980b has_text_color\"><div class=\"wpb_wrapper\"><h3>Design &amp; Kundenzugang<\/h3>\n<p>Bist Du auf der Suche nach einem ansprechenden K\u00fchlschrank in edler Optik, z.B. in Schwarz oder Edelstahl?<br \/>\nOder steht Dein Wunschk\u00fchlschrank sp\u00e4ter in einem Lagerraum, in dem Farbe, Beleuchtung und Aussehen keine Rolle spielt?<\/p>\n<p>Bei ZORRO findest Du K\u00fchlschr\u00e4nke f\u00fcr private Weinkeller, Festivals, Bars, Imbissbetriebe oder Restaurants. Ganz gleich welche Anforderung: ZORRO ber\u00e4t Dich gerne.<\/p>\n<\/div><\/div><div class=\"wpb_text_column us_custom_6f26980b has_text_color\"><div class=\"wpb_wrapper\"><h3>Transportf\u00e4higkeit<\/h3>\n<p>Soll Dein Flaschenk\u00fchlschrank schnell transportierbar sein? Dann empfehlen wir Dir einen <a href=\"https:\/\/www.zorro.de\/kuehlgeraete\/gastro-kuehlschrank\/getrankekuhlschranke\">Flaschenk\u00fchlschrank mit Rollen<\/a>.<\/p>\n<p>Diese Modelle gibt es in einem Volumen von 281 bis 508 Liter von der Marke GGG. Wir der K\u00fchlschrank hingegen an einem festen Platz aufgestellt, so hast Du bei ZORRO die Wahl aus \u00fcber 50 Modellen.<\/p>\n<\/div><\/div><\/div><\/div><\/div><div class=\"vc_col-sm-6 wpb_column vc_column_container\"><div class=\"vc_column-inner us_custom_1153e2dc\"><div class=\"wpb_wrapper\"><div class=\"wpb_text_column us_custom_b312b00b has_text_color\"><div class=\"wpb_wrapper\"><h3>Energieeffizienz \/ Energieeffizienzklasse<\/h3>\n<p>Wie Du wei\u00dft, passen oftmals Energieeffizienz und Gastronomie nicht ganz zusammen. Speziell Flaschenk\u00fchlschr\u00e4nke werden t\u00e4glich hunderte Male ge\u00f6ffnet.<br \/>\nWertvolle K\u00e4lteenergie geht an die Raumluft verloren und die K\u00fchltechnik ist so nahezu pausenlos im Einsatz. ZORRO versucht hier jedoch Abhilfe zu schaffen.<br \/>\nJe nach Einsatzzweck empfehlen wir Dir eine Umluft- oder statische K\u00fchlung. Energieoptimierung beginnt somit mit dem Einsatz der f\u00fcr Dich passenden K\u00fchltechnik.<br \/>\nGerne beraten wir Dich hierzu.<\/p>\n<\/div><\/div><div class=\"wpb_text_column us_custom_6f26980b has_text_color\"><div class=\"wpb_wrapper\"><h3>Preis-Leistung<\/h3>\n<p>G\u00fcnstige Flaschenk\u00fchlschr\u00e4nke m\u00fcssen nicht schlechter sein als teure Ger\u00e4te namhafter Marken. Vertraue auf die langj\u00e4hrige Erfahrung und Ersatzteilkompetenz von ZORRO.<\/p>\n<p>Wir haben von fast allen Ger\u00e4te s\u00e4mtliche Ersatzteile ab Lager vorr\u00e4tig und bieten Dir auch gerne eine Reparatur an, sollte es einmal zu Verschlei\u00dferscheinungen Deines Flaschenk\u00fchlschranks kommen.<\/p>\n<\/div><\/div><div class=\"wpb_text_column us_custom_44dcc1a6 has_text_color\"><div class=\"wpb_wrapper\"><h2 style=\"text-align: left;\">Unsere Marken<\/h2>\n<p style=\"text-align: left;\">K\u00fchlschr\u00e4nke f\u00fcr Flaschen nach Marken<\/p>\n<ul>\n<li style=\"text-align: left;\"><a href=\"https:\/\/www.zorro.de\/kuehlgeraete\/gastro-kuehlschrank\/getrankekuhlschranke?manufacturer=4\">ZORRO Flaschenk\u00fchlschr\u00e4nke<\/a><\/li>\n<li style=\"text-align: left;\"><a href=\"https:\/\/www.zorro.de\/kuehlgeraete\/gastro-kuehlschrank\/getrankekuhlschranke?manufacturer=5\">Saro Flaschenk\u00fchlschr\u00e4nke<\/a><\/li>\n<\/ul>\n<\/div><\/div><div class=\"w-actionbox us_custom_47f61694 has_text_color color_primary controls_bottom\"><div class=\"w-actionbox-text\"><\/div><div class=\"w-actionbox-controls\"><a class=\"w-btn us-btn-style_1\" href=\"https:\/\/www.zorro.de\/kuehlgeraete\/gastro-kuehlschrank\/getrankekuhlschranke\"><span class=\"w-btn-label\">ALLE VERF\u00dcGBAREN MODELLE<\/span><\/a><\/div><\/div><\/div><\/div><\/div><\/div><\/div><\/section><section class=\"l-section wpb_row height_small\"><div class=\"l-section-overlay\" style=\"background:#f5f5f5\"><\/div><div class=\"l-section-h i-cf\"><div class=\"g-cols vc_row via_flex valign_top type_default stacking_default\"><div class=\"vc_col-sm-12 wpb_column vc_column_container\"><div class=\"vc_column-inner\"><div class=\"wpb_wrapper\"><div class=\"wpb_text_column us_custom_c9b3c579\"><div class=\"wpb_wrapper\"><h2 class=\"title\">Flaschenk\u00fchlschr\u00e4nke im Angebot<\/h2>\n<\/div><\/div><\/div><\/div><\/div><div class=\"vc_col-sm-3 wpb_column vc_column_container has_bg_color has-link\"><div class=\"vc_column-inner us_custom_a834b9d1\"><div class=\"wpb_wrapper\"><div class=\"w-image align_none\"><a href=\"https:\/\/www.zorro.de\/getraenkekuehlschrank-zk-280\" aria-label=\"Link\" class=\"w-image-h\"><img loading=\"lazy\" decoding=\"async\" width=\"700\" height=\"700\" src=\"https:\/\/www.zorro.de\/blog\/wp-content\/uploads\/2023\/05\/zk280_flaschenkuehlschrank_mit_reklame_1.jpeg\" class=\"attachment-large size-large\" alt=\"\" srcset=\"https:\/\/www.zorro.de\/blog\/wp-content\/uploads\/2023\/05\/zk280_flaschenkuehlschrank_mit_reklame_1.jpeg 700w, https:\/\/www.zorro.de\/blog\/wp-content\/uploads\/2023\/05\/zk280_flaschenkuehlschrank_mit_reklame_1-300x300.jpeg 300w, https:\/\/www.zorro.de\/blog\/wp-content\/uploads\/2023\/05\/zk280_flaschenkuehlschrank_mit_reklame_1-150x150.jpeg 150w\" sizes=\"auto, (max-width: 700px) 100vw, 700px\" \/><\/a><\/div><div class=\"wpb_text_column us_custom_9d4437f8\"><div class=\"wpb_wrapper\"><p><span style=\"color: #171717;\"><a class=\"product-item-link\" style=\"color: #171717;\" title=\"Getr\u00e4nkek\u00fchlschrank 280 Liter wei\u00df\/schwarz mit Glast\u00fcr - ZK 280\" href=\"https:\/\/www.zorro.de\/getraenkekuehlschrank-zk-280\">Getr\u00e4nkek\u00fchlschrank 280 Liter wei\u00df\/schwarz mit Glast\u00fcr &#8211; ZK 280<\/a><\/span><\/p>\n<\/div><\/div><div class=\"w-separator size_small with_line width_default thick_1 style_solid color_border align_center\"><div class=\"w-separator-h\"><\/div><\/div><div class=\"wpb_text_column\"><div class=\"wpb_wrapper\"><p><span style=\"color: #171717;\"><span style=\"color: #dc005a;\">461,34 \u20ac<\/span><br \/>\n<\/span>zzgl. MwSt.<\/p>\n<\/div><\/div><\/div><\/div><a href=\"https:\/\/www.zorro.de\/getraenkekuehlschrank-zk-280\" class=\"vc_column-link smooth-scroll\" aria-label=\"Link\"><\/a><\/div><div class=\"vc_col-sm-3 wpb_column vc_column_container has_bg_color has-link\"><div class=\"vc_column-inner us_custom_50cb7b8a\"><div class=\"wpb_wrapper\"><div class=\"w-image align_none\"><a href=\"https:\/\/www.zorro.de\/getraenkekuehlschrank-zk-380\" aria-label=\"Link\" class=\"w-image-h\"><img loading=\"lazy\" decoding=\"async\" width=\"300\" height=\"300\" src=\"https:\/\/www.zorro.de\/blog\/wp-content\/uploads\/2023\/05\/getraenkekuehlschrank-380-liter-zk_380-204.062.005.jpg\" class=\"attachment-large size-large\" alt=\"\" srcset=\"https:\/\/www.zorro.de\/blog\/wp-content\/uploads\/2023\/05\/getraenkekuehlschrank-380-liter-zk_380-204.062.005.jpg 300w, https:\/\/www.zorro.de\/blog\/wp-content\/uploads\/2023\/05\/getraenkekuehlschrank-380-liter-zk_380-204.062.005-150x150.jpg 150w\" sizes=\"auto, (max-width: 300px) 100vw, 300px\" \/><\/a><\/div><div class=\"wpb_text_column us_custom_9d4437f8\"><div class=\"wpb_wrapper\"><p style=\"text-align: left;\"><span style=\"color: #171717;\"><a class=\"product-item-link\" style=\"color: #171717;\" title=\"Getr\u00e4nkek\u00fchlschrank 380 Liter wei\u00df\/schwarz mit Glast\u00fcr - ZK 380\" href=\"https:\/\/www.zorro.de\/getraenkekuehlschrank-zk-380\">Getr\u00e4nkek\u00fchlschrank 380 Liter wei\u00df\/schwarz mit Glast\u00fcr &#8211; ZK 380<\/a><\/span><\/p>\n<\/div><\/div><div class=\"w-separator size_small with_line width_default thick_1 style_solid color_border align_center\"><div class=\"w-separator-h\"><\/div><\/div><div class=\"wpb_text_column\"><div class=\"wpb_wrapper\"><p><span style=\"color: #dc005a;\">503,36 \u20ac<br \/>\n<\/span>zzgl. MwSt.<\/p>\n<\/div><\/div><\/div><\/div><a href=\"https:\/\/www.zorro.de\/getraenkekuehlschrank-zk-380\" class=\"vc_column-link smooth-scroll\" aria-label=\"Link\"><\/a><\/div><div class=\"vc_col-sm-3 wpb_column vc_column_container has_bg_color has-link\"><div class=\"vc_column-inner us_custom_50cb7b8a\"><div class=\"wpb_wrapper\"><div class=\"w-image align_none\"><a href=\"https:\/\/www.zorro.de\/getraenkekuehlschrank-zkb-360\" aria-label=\"Link\" class=\"w-image-h\"><img loading=\"lazy\" decoding=\"async\" width=\"300\" height=\"300\" src=\"https:\/\/www.zorro.de\/blog\/wp-content\/uploads\/2023\/05\/getraenkekuehlschrank-380-liter-zk_380-204.062.005-1.jpg\" class=\"attachment-large size-large\" alt=\"\" srcset=\"https:\/\/www.zorro.de\/blog\/wp-content\/uploads\/2023\/05\/getraenkekuehlschrank-380-liter-zk_380-204.062.005-1.jpg 300w, https:\/\/www.zorro.de\/blog\/wp-content\/uploads\/2023\/05\/getraenkekuehlschrank-380-liter-zk_380-204.062.005-1-150x150.jpg 150w\" sizes=\"auto, (max-width: 300px) 100vw, 300px\" \/><\/a><\/div><div class=\"wpb_text_column us_custom_9d4437f8\"><div class=\"wpb_wrapper\"><p style=\"text-align: left;\"><span style=\"color: #171717;\"><a class=\"product-item-link\" style=\"color: #171717;\" title=\"Getr\u00e4nkek\u00fchlschrank 360 Liter schwarz mit Glast\u00fcr - ZKB 360\" href=\"https:\/\/www.zorro.de\/getraenkekuehlschrank-zkb-360\">Getr\u00e4nkek\u00fchlschrank 360 Liter schwarz mit Glast\u00fcr &#8211; ZKB 360<\/a><\/span><\/p>\n<\/div><\/div><div class=\"w-separator size_small with_line width_default thick_1 style_solid color_border align_center\"><div class=\"w-separator-h\"><\/div><\/div><div class=\"wpb_text_column\"><div class=\"wpb_wrapper\"><p><span style=\"color: #dc005a;\">494,96 \u20ac<br \/>\n<\/span>zzgl. MwSt.<\/p>\n<\/div><\/div><\/div><\/div><a href=\"https:\/\/www.zorro.de\/getraenkekuehlschrank-zkb-360\" class=\"vc_column-link smooth-scroll\" aria-label=\"Link\"><\/a><\/div><div class=\"vc_col-sm-3 wpb_column vc_column_container has_bg_color has-link\"><div class=\"vc_column-inner us_custom_50cb7b8a\"><div class=\"wpb_wrapper\"><div class=\"w-image align_none\"><a href=\"https:\/\/www.zorro.de\/getraenkekuehlschrank-360-liter-weiss-schwarz-mit-glastur-zk-360\" aria-label=\"Link\" class=\"w-image-h\"><img loading=\"lazy\" decoding=\"async\" width=\"300\" height=\"300\" src=\"https:\/\/www.zorro.de\/blog\/wp-content\/uploads\/2023\/05\/437-1014_flaschenk_hlschrank3.jpeg\" class=\"attachment-large size-large\" alt=\"\" srcset=\"https:\/\/www.zorro.de\/blog\/wp-content\/uploads\/2023\/05\/437-1014_flaschenk_hlschrank3.jpeg 300w, https:\/\/www.zorro.de\/blog\/wp-content\/uploads\/2023\/05\/437-1014_flaschenk_hlschrank3-150x150.jpeg 150w\" sizes=\"auto, (max-width: 300px) 100vw, 300px\" \/><\/a><\/div><div class=\"wpb_text_column us_custom_9d4437f8\"><div class=\"wpb_wrapper\"><p><span style=\"color: #171717;\"><a class=\"product-item-link\" style=\"color: #171717;\" title=\"Getr\u00e4nkek\u00fchlschrank 360 Liter wei\u00df\/schwarz mit Glast\u00fcr - ZK 360\" href=\"https:\/\/www.zorro.de\/getraenkekuehlschrank-360-liter-weiss-schwarz-mit-glastur-zk-360\">Getr\u00e4nkek\u00fchlschrank 360 Liter wei\u00df\/schwarz mit Glast\u00fcr &#8211; ZK 360<\/a><\/span><\/p>\n<\/div><\/div><div class=\"w-separator size_small with_line width_default thick_1 style_solid color_border align_center\"><div class=\"w-separator-h\"><\/div><\/div><div class=\"wpb_text_column\"><div class=\"wpb_wrapper\"><p><span style=\"color: #dc005a;\">494,96 \u20ac<br \/>\n<\/span>zzgl. MwSt.<\/p>\n<\/div><\/div><\/div><\/div><a href=\"https:\/\/www.zorro.de\/getraenkekuehlschrank-360-liter-weiss-schwarz-mit-glastur-zk-360\" class=\"vc_column-link smooth-scroll\" aria-label=\"Link\"><\/a><\/div><div class=\"vc_col-sm-12 wpb_column vc_column_container\"><div class=\"vc_column-inner\"><div class=\"wpb_wrapper\"><div class=\"w-actionbox us_custom_9a9a90ee has_text_color color_primary controls_bottom\"><div class=\"w-actionbox-text\"><\/div><div class=\"w-actionbox-controls\"><a class=\"w-btn us-btn-style_1\" href=\"https:\/\/www.zorro.de\/kuehlgeraete\/gastro-kuehlschrank\/getrankekuhlschranke\"><span class=\"w-btn-label\">ALLE FLASCHENK\u00dcHLSCHR\u00c4NKE BEI ZORRO<\/span><\/a><\/div><\/div><\/div><\/div><\/div><\/div><\/div><\/section><section class=\"l-section wpb_row height_small\"><div class=\"l-section-h i-cf\"><div class=\"g-cols vc_row via_flex valign_top type_default stacking_default\"><div class=\"vc_col-sm-6 wpb_column vc_column_container\"><div class=\"vc_column-inner us_custom_5c579657\"><div class=\"vc_column-overlay\" style=\"background:var(--color-header-top-transparent-text)\"><\/div><div class=\"wpb_wrapper\"><div class=\"wpb_text_column\"><div class=\"wpb_wrapper\"><h2><b>Was sonst noch wichtig ist bei Flaschenk\u00fchlschr\u00e4nken <\/b><\/h2>\n<\/div><\/div><div class=\"wpb_text_column\"><div class=\"wpb_wrapper\"><h3><b>K\u00fchlung<\/b><\/h3>\n<\/div><\/div><div class=\"wpb_text_column\"><div class=\"wpb_wrapper\"><p>Wusstest Du eigentlich, dass es verschiedene Arten der K\u00fchlung gibt?<\/p>\n<p>In der Gastronomie sorgt in der Regel eine statische K\u00fchlung mit Umluft<br \/>\noder eine Umluftk\u00fchlung f\u00fcr eine gleichm\u00e4\u00dfige Verteilung der K\u00fchlung in Deinen Gastro K\u00fchlschr\u00e4nken.<\/p>\n<p>Die Leistungsstarken K\u00fchlschr\u00e4nke sorgen<br \/>\nidealerweise mit einer automatischen Abtaufunktion daf\u00fcr, dass sich kein st\u00f6rendes Eis bildet.<\/p>\n<\/div><\/div><\/div><\/div><\/div><div class=\"vc_col-sm-6 wpb_column vc_column_container\"><div class=\"vc_column-inner us_custom_5c579657\"><div class=\"vc_column-overlay\" style=\"background:var(--color-header-top-transparent-text)\"><\/div><div class=\"wpb_wrapper\"><div class=\"wpb_text_column us_custom_d6413e2d\"><div class=\"wpb_wrapper\"><h3><b>Weink\u00fchlschr\u00e4nke<\/b><\/h3>\n<\/div><\/div><div class=\"wpb_text_column\"><div class=\"wpb_wrapper\"><p>Wenn Du nach einem Weink\u00fchlschrank suchst, ben\u00f6tigst Du in der Regel ein Ger\u00e4t mit einer oder zwei Zonen. So kannst Du Wei\u00dfwein und Rotwein getrennt lagern und individuell temperieren.<\/p>\n<p>Man spricht hier auch von 2 getrennten Temperaturzonen.Bei diesen K\u00fchlschr\u00e4nken entf\u00e4llt in der Regel der Umluftventilator. So ist ein Weink\u00fchlschrank sehr leise und vibrationsarm konstruiert, sodass Du Ihn im G\u00e4steraum auch zu Hause aufstellen kannst.<\/p>\n<p>Ein Isolier-Sicherheitsglas mit UV-Filter sorgt in der Regel daf\u00fcr, dass Deine Weine vor UV-Licht gesch\u00fctzt sind. Innenbeleuchtung, Temperaturanzeige und Holzlagerb\u00f6den sorgen f\u00fcr ein professionelles und edles Design.<\/p>\n<\/div><\/div><\/div><\/div><\/div><\/div><\/div><\/section><section class=\"l-section wpb_row height_small\"><div class=\"l-section-h i-cf\"><div class=\"g-cols vc_row via_flex valign_top type_default stacking_default\"><div class=\"vc_col-sm-12 wpb_column vc_column_container\"><div class=\"vc_column-inner\"><div class=\"wpb_wrapper\"><div class=\"wpb_text_column\"><div class=\"wpb_wrapper\"><h4 style=\"text-align: center;\"><strong>Fragen?<\/strong><\/h4>\n<h4 style=\"text-align: center;\">Wir haben Antworten!<\/h4>\n<h4 style=\"text-align: center;\">Entweder unter FAQs, oder \u00fcber unseren Kundendienst per\u00a0<a href=\"https:\/\/api.whatsapp.com\/send\/?phone=4917634697316&amp;text&amp;type=phone_number&amp;app_absent=0\">Whatsapp<\/a>, Telefon <a href=\"tel:0 800 - 72 12 72 12\">0 800 &#8211; 72 12 72 12<\/a>\u00a0oder unser\u00a0<a href=\"https:\/\/www.zorro.de\/blog\/servicedesk\/#kontakt\">Kontaktformular<\/a>.<\/h4>\n<\/div><\/div><\/div><\/div><\/div><\/div><\/div><\/section>\n","protected":false},"excerpt":{"rendered":"Flaschenk\u00fchlschr\u00e4nke Worauf es bei der Auswahl von Flaschenk\u00fchlschr\u00e4nken ankommt. Du m\u00f6chtest Flaschen k\u00fchlen? M\u00f6gliche Kaufkriterien K\u00fchlvolumen &amp; Temperaturbereich Design &amp; Kundenzugang Transportf\u00e4higkeit Energieeffizienz \/ Energieeffizienzklasse Preis-Leistung K\u00fchlvolumen &amp; Temperaturbereich Sicherlich solltest Du Dir zuerst die Frage stellen, wie viele Flaschen und welche Gr\u00f6\u00dfe Du k\u00fchlen m\u00f6chtest. Sprich: Welches Volumen ben\u00f6tigst Du? ZORRO bietet Dir K\u00fchlschrankmodelle...","protected":false},"author":5,"featured_media":0,"parent":0,"menu_order":0,"comment_status":"closed","ping_status":"closed","template":"","meta":{"inline_featured_image":false,"footnotes":""},"class_list":["post-1830","page","type-page","status-publish","hentry"],"_links":{"self":[{"href":"https:\/\/www.zorro.de\/blog\/wp-json\/wp\/v2\/pages\/1830","targetHints":{"allow":["GET"]}}],"collection":[{"href":"https:\/\/www.zorro.de\/blog\/wp-json\/wp\/v2\/pages"}],"about":[{"href":"https:\/\/www.zorro.de\/blog\/wp-json\/wp\/v2\/types\/page"}],"author":[{"embeddable":true,"href":"https:\/\/www.zorro.de\/blog\/wp-json\/wp\/v2\/users\/5"}],"replies":[{"embeddable":true,"href":"https:\/\/www.zorro.de\/blog\/wp-json\/wp\/v2\/comments?post=1830"}],"version-history":[{"count":141,"href":"https:\/\/www.zorro.de\/blog\/wp-json\/wp\/v2\/pages\/1830\/revisions"}],"predecessor-version":[{"id":2359,"href":"https:\/\/www.zorro.de\/blog\/wp-json\/wp\/v2\/pages\/1830\/revisions\/2359"}],"wp:attachment":[{"href":"https:\/\/www.zorro.de\/blog\/wp-json\/wp\/v2\/media?parent=1830"}],"curies":[{"name":"wp","href":"https:\/\/api.w.org\/{rel}","templated":true}]}}