{"id":1880,"date":"2023-05-21T13:48:51","date_gmt":"2023-05-21T11:48:51","guid":{"rendered":"https:\/\/www.zorro.de\/blog\/?page_id=1880"},"modified":"2023-06-28T14:32:59","modified_gmt":"2023-06-28T12:32:59","slug":"gn-behaelter-in-gastronorm","status":"publish","type":"page","link":"https:\/\/www.zorro.de\/blog\/gn-behaelter-in-gastronorm\/","title":{"rendered":"GN Beh\u00e4lter in Gastronorm"},"content":{"rendered":"<section class=\"l-section wpb_row us_custom_c3dc6b91 height_small\"><div class=\"l-section-h i-cf\"><div class=\"g-cols vc_row via_flex valign_top type_default stacking_default\"><div class=\"vc_col-sm-12 wpb_column vc_column_container\"><div class=\"vc_column-inner\"><div class=\"wpb_wrapper\"><div class=\"wpb_text_column us_custom_1af7c6c2\"><div class=\"wpb_wrapper\"><h1 style=\"text-align: center;\">GN Beh\u00e4lter in Gastronorm<\/h1>\n<p style=\"text-align: center;\">Auswahl an Gastronormbeh\u00e4lter f\u00fcr den professionellen Einsatz in der gastronomischen K\u00fcche.<\/p>\n<\/div><\/div><\/div><\/div><\/div><\/div><\/div><\/section><section class=\"l-section wpb_row us_custom_c3dc6b91 height_small with_img\"><div class=\"l-section-img\" style=\"background-image: url(https:\/\/www.zorro.de\/blog\/wp-content\/uploads\/2023\/05\/gn-behaelter-aus-edelstahl-kaufen.jpeg);\" data-img-width=\"1500\" data-img-height=\"766\"><\/div><div class=\"l-section-h i-cf\"><div class=\"g-cols vc_row via_flex valign_top type_default stacking_default\"><div class=\"vc_col-sm-6 wpb_column vc_column_container has_bg_color\"><div class=\"vc_column-inner us_custom_d92f9e55\"><div class=\"wpb_wrapper\"><div class=\"wpb_text_column us_custom_3a9a4b75 has_text_color\"><div class=\"wpb_wrapper\"><h2>Nach Bereichen w\u00e4hlen<\/h2>\n<p>Bei den Beh\u00e4ltern k\u00f6nnen Sie w\u00e4hlen aus Edelstahl oder Kunststoff mit Polycarbonat. Dazu erhalten Sie passende Deckel als Standard oder auch mit Dichtung. Die Gr\u00f6\u00dfen entsprechen den g\u00e4ngigen Gastronorm Ma\u00dfen.<\/p>\n<ul>\n<li><a href=\"https:\/\/www.zorro.de\/sonstiges\/gn-behaelter\">Edelstahl<\/a><\/li>\n<li><a href=\"https:\/\/www.zorro.de\/catalogsearch\/result\/index\/?cat=138&amp;q=polycarbonat\">Kunststoff (Polycarbonat)<\/a><\/li>\n<li><a href=\"https:\/\/www.zorro.de\/catalogsearch\/result\/?q=Gastronormdeckel\">Deckel<\/a><\/li>\n<\/ul>\n<p>Die Gastronormbeh\u00e4lter aus Edelstahl k\u00f6nnen auch zum Erhitzen im Ofen verwendet werden. Gerade gelochte Beh\u00e4lter eignen sich zum Garen im Kombid\u00e4mpfer. Deckel k\u00f6nnen Sie als normale Abdeckung ausw\u00e4hlen oder mit Dichtung f\u00fcr einen Transport von Speisen.<\/p>\n<\/div><\/div><\/div><\/div><\/div><div class=\"vc_col-sm-6 wpb_column vc_column_container has_bg_color\"><div class=\"vc_column-inner us_custom_d92f9e55\"><div class=\"wpb_wrapper\"><div class=\"wpb_text_column us_custom_3a9a4b75 has_text_color\"><div class=\"wpb_wrapper\"><h2>Nach Gr\u00f6\u00dfen w\u00e4hlen<\/h2>\n<p>Auswahl an GN Gr\u00f6\u00dfen im Grundma\u00df 1\/1 und weitere Gr\u00f6\u00dfen.<\/p>\n<ul>\n<li><a href=\"https:\/\/www.zorro.de\/sonstiges\/gn-behaelter?dimension_gn_size=\">GN Ma\u00df 1 \/ 1<\/a><\/li>\n<li><a href=\"https:\/\/www.zorro.de\/sonstiges\/gn-behaelter?dimension_gn_size=\">GN Ma\u00df 1 \/ 2<\/a><\/li>\n<li><a href=\"https:\/\/www.zorro.de\/sonstiges\/gn-behaelter?dimension_gn_size=\">GN Ma\u00df 1 \/ 3<\/a><\/li>\n<li><a href=\"https:\/\/www.zorro.de\/sonstiges\/gn-behaelter?dimension_gn_size=\">GN Ma\u00df 1 \/ 4<\/a><\/li>\n<\/ul>\n<\/div><\/div><div class=\"w-actionbox us_custom_24e6a991 has_text_color color_primary controls_bottom\"><div class=\"w-actionbox-text\"><\/div><div class=\"w-actionbox-controls\"><a class=\"w-btn us-btn-style_1\" href=\"https:\/\/www.zorro.de\/sonstiges\/gn-behaelter\"><span class=\"w-btn-label\">ALLE VERF\u00dcGBAREN GR\u00d6\u00dfEN<\/span><\/a><\/div><\/div><\/div><\/div><\/div><\/div><\/div><\/section><section class=\"l-section wpb_row us_custom_c3dc6b91 height_small\"><div class=\"l-section-h i-cf\"><div class=\"g-cols vc_row via_flex valign_top type_default stacking_default\"><div class=\"vc_col-sm-6 wpb_column vc_column_container\"><div class=\"vc_column-inner\"><div class=\"wpb_wrapper\"><div class=\"wpb_text_column us_custom_1153e2dc\"><div class=\"wpb_wrapper\"><h2><strong>Edelstahl GN Beh\u00e4lter<\/strong><\/h2>\n<h3>Beh\u00e4lter<\/h3>\n<p><img loading=\"lazy\" decoding=\"async\" class=\"size-full wp-image-2061 alignright\" src=\"https:\/\/www.zorro.de\/blog\/wp-content\/uploads\/2023\/05\/gn-gastronorm-behaelter-edelstahl-kaufen.jpeg\" alt=\"\" width=\"154\" height=\"88\" \/>Edelstahlbeh\u00e4lter in genormten GN Gr\u00f6\u00dfen als Standard oder gelocht. Gelochte Beh\u00e4lter k\u00f6nnen zum Garen und D\u00e4mpfen verwendet werden. Au\u00dferdem lassen sich die Zutaten damit waschen und abtropfen. Der Vorteil der Edelstahlbeh\u00e4lter ist Ihre Hitzebest\u00e4ndigkeit. Die Gef\u00e4\u00dfe k\u00f6nnen zum Erhitzen, Warmhalten und K\u00fchlen verwenden. Allerdings sollten Kunststoffbeh\u00e4lter bei der Anwendung mit der Mikrowelle und s\u00e4urehaltigen Lebensmitteln gew\u00e4hlt werden.<\/p>\n<\/div><\/div><div class=\"wpb_text_column\"><div class=\"wpb_wrapper\"><h3>Deckel<\/h3>\n<p><img loading=\"lazy\" decoding=\"async\" class=\"size-full wp-image-2038 alignright\" src=\"https:\/\/www.zorro.de\/blog\/wp-content\/uploads\/2023\/05\/gn-gastronorm-deckel-edelstahl-kaufen.jpeg\" alt=\"\" width=\"220\" height=\"88\" \/>Die genormten Deckel passen zu den Gastrobeh\u00e4ltern und k\u00f6nnen zum\u00a0Abdecken und Aufbewahren genutzt werden. Gerade f\u00fcr die Verwendung mit einem Sch\u00f6pfl\u00f6ffel eignen sich Deckel mit einer L\u00f6ffelaussparung.<\/p>\n<\/div><\/div><div class=\"wpb_text_column\"><div class=\"wpb_wrapper\"><h3>Deckel mit Dichtung<\/h3>\n<p><img loading=\"lazy\" decoding=\"async\" class=\"size-full wp-image-2041 alignright\" src=\"https:\/\/www.zorro.de\/blog\/wp-content\/uploads\/2023\/05\/gn-gastronorm-deckel-edelstahl-mit-gummidichtung-kaufen.jpeg\" alt=\"\" width=\"200\" height=\"79\" \/><\/p>\n<p>Speziell f\u00fcr den Transport bietet sich ein Deckel mit einer Dichtung an. Dies ist gerade f\u00fcr den Transport von fl\u00fcssigen Speisen von Vorteil.<\/p>\n<\/div><\/div><\/div><\/div><\/div><div class=\"vc_col-sm-6 wpb_column vc_column_container\"><div class=\"vc_column-inner\"><div class=\"wpb_wrapper\"><div class=\"wpb_text_column\"><div class=\"wpb_wrapper\"><h2><strong>Kunststoff GN Beh\u00e4lter (Polycarbonat)<\/strong><\/h2>\n<\/div><\/div><div class=\"wpb_text_column\"><div class=\"wpb_wrapper\"><h3>Beh\u00e4lter<\/h3>\n<p><img loading=\"lazy\" decoding=\"async\" class=\"size-full wp-image-2037 alignright\" src=\"https:\/\/www.zorro.de\/blog\/wp-content\/uploads\/2023\/05\/gn-gastronorm-behaelter-polycarbonat-kaufen.jpeg\" alt=\"\" width=\"200\" height=\"134\" \/>Kunststoffbeh\u00e4lter aus Polycarbonat sind durchsichtig und relativ robust.\u00a0Wegen Ihrer Durchsichtigkeit k\u00f6nnen die enthaltenen Speisen leicht unterschieden werden. Die weiteren Vorteile dieser Beh\u00e4ltnisse sind Ihre Eignung f\u00fcr s\u00e4urehaltige Lebensmittel und auch f\u00fcr die Mikrowelle. Der verwendbare Temperaturbereich liegt bei -40\u00b0 bis +99\u00b0 C. Allerdings sollten Edelstahlbeh\u00e4lter f\u00fcr das Erhitzen von Speisen im Ofen verwendet werden.<\/p>\n<\/div><\/div><div class=\"wpb_text_column\"><div class=\"wpb_wrapper\"><h3>Deckel<\/h3>\n<p><img loading=\"lazy\" decoding=\"async\" class=\"size-full wp-image-2040 alignright\" src=\"https:\/\/www.zorro.de\/blog\/wp-content\/uploads\/2023\/05\/gn-gastronorm-deckel-polycarbonat-kaufen.jpeg\" alt=\"\" width=\"200\" height=\"87\" \/>Die Deckel aus Polycarbonat sind durchsichtig und lassen leicht die enthaltenen Speisen erkennen.<\/p>\n<\/div><\/div><div class=\"wpb_text_column\"><div class=\"wpb_wrapper\"><h3>Deckel mit Dichtung<\/h3>\n<p><img loading=\"lazy\" decoding=\"async\" class=\"size-full wp-image-2039 alignright\" src=\"https:\/\/www.zorro.de\/blog\/wp-content\/uploads\/2023\/05\/gn-gastronorm-deckel-polycarbonat-mit-gummidichtung-kaufen.jpeg\" alt=\"\" width=\"200\" height=\"82\" \/>Gerade f\u00fcr den Transport von fl\u00fcssigen Speisen sollte eine Dichtung verwendet werden.<\/p>\n<\/div><\/div><\/div><\/div><\/div><\/div><\/div><\/section><section class=\"l-section wpb_row us_custom_c3dc6b91 height_small with_img\"><div class=\"l-section-img\" style=\"background-image: url(https:\/\/www.zorro.de\/blog\/wp-content\/uploads\/2023\/05\/gn-behaelter-in-gastronorm.jpeg);\" data-img-width=\"1500\" data-img-height=\"1000\"><\/div><div class=\"l-section-h i-cf\"><div class=\"g-cols vc_row via_flex valign_top type_default stacking_default\"><div class=\"vc_col-sm-4 wpb_column vc_column_container has_bg_color\"><div class=\"vc_column-inner us_custom_11715ddc\"><div class=\"wpb_wrapper\"><div class=\"wpb_text_column us_custom_f66a1f05 has_text_color\"><div class=\"wpb_wrapper\"><h2>Verwendung der GN Beh\u00e4lter mit Gastro Ger\u00e4ten<\/h2>\n<p>Die GN Beh\u00e4lter lassen sich vielseitig in der Gastronomie einsetzen und mit Gastro Ger\u00e4ten kombinieren.<\/p>\n<p>Beispielsweise zum Warmhalten im Catering oder in der Kantine mit Hei\u00dfen Theken oder Chafing Dish.<\/p>\n<p>Aber auch zum K\u00fchlen auf Buffet Inseln oder mit einer Aufsatzk\u00fchlvitrine. Gerade im Schnellrestaurant oder in der Pizzeria auch mit einer Belegstation oder einem Pizzatisch.<\/p>\n<p>Und in der Gro\u00dfk\u00fcche mit einem Gewerbek\u00fchlschrank.<\/p>\n<\/div><\/div><\/div><\/div><\/div><div class=\"vc_col-sm-8 wpb_column vc_column_container\"><div class=\"vc_column-inner\"><div class=\"wpb_wrapper\"><div class=\"wpb_text_column us_custom_1e026c0b has_text_color\"><div class=\"wpb_wrapper\"><h3>K\u00fchlen<\/h3>\n<p>Zum K\u00fchlen k\u00f6nnen Sie die Gastronormbeh\u00e4lter vielseitig einsetzen. So lassen sich Speisen damit bereithalten wie etwa in der Pizzeria, im Catering oder in der Kantine. Aber auch zum Aufbewahren in K\u00fchlger\u00e4ten wie etwa in der Gro\u00dfk\u00fcche.<\/p>\n<ul>\n<li><a href=\"https:\/\/www.zorro.de\/buffet-und-catering\/buffet-insel\">Buffet Insel<\/a><\/li>\n<li><a href=\"https:\/\/www.zorro.de\/kuehlgeraete\/aufsatzkuehlvitrinen\">Aufsatzk\u00fchlvitrine<\/a><\/li>\n<li><a href=\"https:\/\/www.zorro.de\/kuehlgeraete\/kuehltische\/belegstationen\">Belegstation<\/a><\/li>\n<li><a href=\"https:\/\/www.zorro.de\/kuehlgeraete\/kuhltische\/pizza-kuehltische\">Pizzatisch<\/a><\/li>\n<li><a href=\"https:\/\/www.zorro.de\/kuehlgeraete\/kuehlschraenke\/gewerbekuehlschraenke\">Gewerbek\u00fchlschrank<\/a><\/li>\n<\/ul>\n<\/div><\/div><div class=\"wpb_text_column us_custom_6f26980b has_text_color\"><div class=\"wpb_wrapper\"><h3>Warmhalten<\/h3>\n<p>Gerichte lassen sich damit warmhalten und z. B. im Catering, Schnellrestaurant oder in der Kantine pr\u00e4sentieren.<\/p>\n<ul>\n<li><a href=\"https:\/\/www.zorro.de\/kochgeraete\/bain-marie\">Bain Marie (Wasserbad)<\/a><\/li>\n<li><a href=\"https:\/\/www.zorro.de\/buffet-und-catering\/heisse-theken\">Hei\u00dfe Theken<\/a><\/li>\n<li><a href=\"https:\/\/www.zorro.de\/buffet-und-catering\/chafing-dishes\">Chafing Dish<\/a><\/li>\n<\/ul>\n<\/div><\/div><\/div><\/div><\/div><\/div><\/div><\/section><section class=\"l-section wpb_row height_small\"><div class=\"l-section-overlay\" style=\"background:#f5f5f5\"><\/div><div class=\"l-section-h i-cf\"><div class=\"g-cols vc_row via_flex valign_top type_default stacking_default\"><div class=\"vc_col-sm-12 wpb_column vc_column_container\"><div class=\"vc_column-inner\"><div class=\"wpb_wrapper\"><div class=\"wpb_text_column us_custom_f029a2ba\"><div class=\"wpb_wrapper\"><h2 class=\"title\" style=\"text-align: center;\">GN Beh\u00e4lter in Gastronorm Angebote<\/h2>\n<\/div><\/div><\/div><\/div><\/div><div class=\"vc_col-sm-1\/5 wpb_column vc_column_container has_bg_color has-link\"><div class=\"vc_column-inner us_custom_a834b9d1\"><div class=\"wpb_wrapper\"><div class=\"w-image us_custom_57955931 align_none\"><div class=\"w-image-h\"><img loading=\"lazy\" decoding=\"async\" width=\"220\" height=\"88\" src=\"https:\/\/www.zorro.de\/blog\/wp-content\/uploads\/2023\/05\/gn-gastronorm-deckel-edelstahl-kaufen.jpeg\" class=\"attachment-large size-large\" alt=\"\" \/><\/div><\/div><div class=\"wpb_text_column us_custom_807b8e63\"><div class=\"wpb_wrapper\"><p><span style=\"color: #000000;\"><a class=\"product-item-link\" style=\"color: #000000;\" title=\"SARO TOP LINE GN-Deckel - o. L\u00f6ffelaussparung 1\/1 GN\" href=\"https:\/\/www.zorro.de\/saro-basic-line-gastronormdeckel-ohne-l%C3%B6ffelaussparung-1-1-gn\">SARO TOP LINE GN-Deckel &#8211; o. L\u00f6ffelaussparung 1\/1 GN<\/a><\/span><\/p>\n<\/div><\/div><div class=\"w-separator us_custom_d2199d32 size_small with_line width_default thick_1 style_solid color_border align_center\"><div class=\"w-separator-h\"><\/div><\/div><div class=\"wpb_text_column\"><div class=\"wpb_wrapper\"><p><span style=\"color: #dc005a;\">12,48 \u20ac<\/span><br \/>\nzzgl. MwSt.<\/p>\n<\/div><\/div><\/div><\/div><a href=\"https:\/\/www.zorro.de\/saro-basic-line-gastronormdeckel-ohne-l\u00f6ffelaussparung-1-1-gn\" class=\"vc_column-link smooth-scroll\" aria-label=\"Link\"><\/a><\/div><div class=\"vc_col-sm-1\/5 wpb_column vc_column_container has_bg_color has-link\"><div class=\"vc_column-inner us_custom_a834b9d1\"><div class=\"wpb_wrapper\"><div class=\"w-image align_none\"><div class=\"w-image-h\"><img loading=\"lazy\" decoding=\"async\" width=\"300\" height=\"300\" src=\"https:\/\/www.zorro.de\/blog\/wp-content\/uploads\/2023\/05\/126-5115_bis_126-5090_und_126-5900_bis_126-5870_1_2_gn_behaelter_gastro_norm_edelstahl_saro_2.jpeg\" class=\"attachment-large size-large\" alt=\"\" srcset=\"https:\/\/www.zorro.de\/blog\/wp-content\/uploads\/2023\/05\/126-5115_bis_126-5090_und_126-5900_bis_126-5870_1_2_gn_behaelter_gastro_norm_edelstahl_saro_2.jpeg 300w, https:\/\/www.zorro.de\/blog\/wp-content\/uploads\/2023\/05\/126-5115_bis_126-5090_und_126-5900_bis_126-5870_1_2_gn_behaelter_gastro_norm_edelstahl_saro_2-150x150.jpeg 150w\" sizes=\"auto, (max-width: 300px) 100vw, 300px\" \/><\/div><\/div><div class=\"wpb_text_column us_custom_f43d3c9d\"><div class=\"wpb_wrapper\"><p><span style=\"color: #000000;\"><a class=\"product-item-link\" style=\"color: #000000;\" title=\"SARO BASIC LINE Gastronormbeh\u00e4lter Edelstahl 1\/2 GN 20 -200 mm tief\" href=\"https:\/\/www.zorro.de\/saro-basic-line-gastronormbehaelter-edelstahl-1-2-gn-20-200-mm-tief\">SARO BASIC LINE Gastronormbeh\u00e4lter Edelstahl 1\/2 GN 20 -200 mm tief<\/a><\/span><\/p>\n<\/div><\/div><div class=\"w-separator size_small with_line width_default thick_1 style_solid color_border align_center\"><div class=\"w-separator-h\"><\/div><\/div><div class=\"wpb_text_column\"><div class=\"wpb_wrapper\"><p><span style=\"color: #dc005a;\">ab 6,01 \u20ac<br \/>\n<\/span>zzgl. MwSt.<\/p>\n<\/div><\/div><\/div><\/div><a href=\"https:\/\/www.zorro.de\/saro-basic-line-gastronormbehaelter-edelstahl-1-2-gn-20-200-mm-tief\" class=\"vc_column-link smooth-scroll\" aria-label=\"Link\"><\/a><\/div><div class=\"vc_col-sm-1\/5 wpb_column vc_column_container has_bg_color has-link\"><div class=\"vc_column-inner us_custom_a834b9d1\"><div class=\"wpb_wrapper\"><div class=\"w-image align_none\"><div class=\"w-image-h\"><img loading=\"lazy\" decoding=\"async\" width=\"300\" height=\"300\" src=\"https:\/\/www.zorro.de\/blog\/wp-content\/uploads\/2023\/05\/420-1065_1_3_gn_behaelter_gastro_norm_polycarbonat_saro_1.jpeg\" class=\"attachment-large size-large\" alt=\"\" srcset=\"https:\/\/www.zorro.de\/blog\/wp-content\/uploads\/2023\/05\/420-1065_1_3_gn_behaelter_gastro_norm_polycarbonat_saro_1.jpeg 300w, https:\/\/www.zorro.de\/blog\/wp-content\/uploads\/2023\/05\/420-1065_1_3_gn_behaelter_gastro_norm_polycarbonat_saro_1-150x150.jpeg 150w\" sizes=\"auto, (max-width: 300px) 100vw, 300px\" \/><\/div><\/div><div class=\"wpb_text_column us_custom_f43d3c9d\"><div class=\"wpb_wrapper\"><p><span style=\"color: #000000;\"><a class=\"product-item-link\" style=\"color: #000000;\" title=\"Gastronormbeh\u00e4lter Polycarbonat 1\/3 GN 65 - 150 mm tief\" href=\"https:\/\/www.zorro.de\/gastronormbehalter-polycarbonat-1-3-gn-65-150-mm-tief\">Gastronormbeh\u00e4lter Polycarbonat 1\/3 GN 65 &#8211; 150 mm tief<\/a><\/span><\/p>\n<\/div><\/div><div class=\"w-separator size_small with_line width_default thick_1 style_solid color_border align_center\"><div class=\"w-separator-h\"><\/div><\/div><div class=\"wpb_text_column\"><div class=\"wpb_wrapper\"><\/div><\/div><\/div><\/div><a href=\"https:\/\/www.zorro.de\/gastronormbehalter-polycarbonat-1-3-gn-65-150-mm-tief\" class=\"vc_column-link smooth-scroll\" aria-label=\"Link\"><\/a><\/div><div class=\"vc_col-sm-1\/5 wpb_column vc_column_container has_bg_color has-link\"><div class=\"vc_column-inner us_custom_a834b9d1\"><div class=\"wpb_wrapper\"><div class=\"w-image align_none\"><div class=\"w-image-h\"><img loading=\"lazy\" decoding=\"async\" width=\"300\" height=\"300\" src=\"https:\/\/www.zorro.de\/blog\/wp-content\/uploads\/2023\/05\/420-1035_1_2_gn_behaelter_gastro_norm_polycarbonat_saro_1.jpeg\" class=\"attachment-large size-large\" alt=\"\" srcset=\"https:\/\/www.zorro.de\/blog\/wp-content\/uploads\/2023\/05\/420-1035_1_2_gn_behaelter_gastro_norm_polycarbonat_saro_1.jpeg 300w, https:\/\/www.zorro.de\/blog\/wp-content\/uploads\/2023\/05\/420-1035_1_2_gn_behaelter_gastro_norm_polycarbonat_saro_1-150x150.jpeg 150w\" sizes=\"auto, (max-width: 300px) 100vw, 300px\" \/><\/div><\/div><div class=\"wpb_text_column us_custom_f43d3c9d\"><div class=\"wpb_wrapper\"><p><span style=\"color: #000000;\"><a class=\"product-item-link\" style=\"color: #000000;\" title=\"Gastronormbeh\u00e4lter Polycarbonat 1\/2 GN 65 - 200 mm tief\" href=\"https:\/\/www.zorro.de\/gastronormbehalter-polycarbonat-1-2-gn-65-200-mm-tief\">Gastronormbeh\u00e4lter Polycarbonat 1\/2 GN 65 &#8211; 200 mm tief<\/a><\/span><\/p>\n<\/div><\/div><div class=\"w-separator size_small with_line width_default thick_1 style_solid color_border align_center\"><div class=\"w-separator-h\"><\/div><\/div><div class=\"wpb_text_column\"><div class=\"wpb_wrapper\"><\/div><\/div><\/div><\/div><a href=\"https:\/\/www.zorro.de\/gastronormbehalter-polycarbonat-1-2-gn-65-200-mm-tief\" class=\"vc_column-link smooth-scroll\" aria-label=\"Link\"><\/a><\/div><div class=\"vc_col-sm-1\/5 wpb_column vc_column_container has_bg_color has-link\"><div class=\"vc_column-inner us_custom_a834b9d1\"><div class=\"wpb_wrapper\"><div class=\"w-image align_none\"><div class=\"w-image-h\"><img loading=\"lazy\" decoding=\"async\" width=\"300\" height=\"300\" src=\"https:\/\/www.zorro.de\/blog\/wp-content\/uploads\/2023\/05\/126-5055_bis_126-5030_und_126-5830_bis_126-5800_1_1_gn_behaelter_gastro_norm_edelstahl_saro_13.jpeg\" class=\"attachment-large size-large\" alt=\"\" srcset=\"https:\/\/www.zorro.de\/blog\/wp-content\/uploads\/2023\/05\/126-5055_bis_126-5030_und_126-5830_bis_126-5800_1_1_gn_behaelter_gastro_norm_edelstahl_saro_13.jpeg 300w, https:\/\/www.zorro.de\/blog\/wp-content\/uploads\/2023\/05\/126-5055_bis_126-5030_und_126-5830_bis_126-5800_1_1_gn_behaelter_gastro_norm_edelstahl_saro_13-150x150.jpeg 150w\" sizes=\"auto, (max-width: 300px) 100vw, 300px\" \/><\/div><\/div><div class=\"wpb_text_column us_custom_f43d3c9d\"><div class=\"wpb_wrapper\"><p><span style=\"color: #000000;\"><a class=\"product-item-link\" style=\"color: #000000;\" title=\"SARO BASIC LINE GN-Beh\u00e4lter Edelstahl 1\/1 GN 20 - 200 mm Tiefe\" href=\"https:\/\/www.zorro.de\/saro-basic-line-gn-behaelter-edelstahl-1-1-gn-20-200-mm-tiefe\">SARO BASIC LINE GN-Beh\u00e4lter Edelstahl 1\/1 GN 20 &#8211; 200 mm Tiefe<\/a><\/span><\/p>\n<\/div><\/div><div class=\"w-separator size_small with_line width_default thick_1 style_solid color_border align_center\"><div class=\"w-separator-h\"><\/div><\/div><div class=\"wpb_text_column\"><div class=\"wpb_wrapper\"><p><span style=\"color: #dc005a;\">ab 11,77 \u20ac<br \/>\n<\/span>zzgl. MwSt.<\/p>\n<\/div><\/div><\/div><\/div><a href=\"https:\/\/www.zorro.de\/saro-basic-line-gn-behaelter-edelstahl-1-1-gn-20-200-mm-tiefe\" class=\"vc_column-link smooth-scroll\" aria-label=\"Link\"><\/a><\/div><\/div><\/div><\/section><section class=\"l-section wpb_row height_small\"><div class=\"l-section-overlay\" style=\"background:#f5f5f5\"><\/div><div class=\"l-section-h i-cf\"><div class=\"g-cols vc_row via_flex valign_top type_default stacking_default\"><div class=\"vc_col-sm-12 wpb_column vc_column_container\"><div class=\"vc_column-inner\"><div class=\"wpb_wrapper\"><div class=\"w-actionbox us_custom_9a9a90ee has_text_color color_primary controls_bottom\"><div class=\"w-actionbox-text\"><\/div><div class=\"w-actionbox-controls\"><a class=\"w-btn us-btn-style_1\" href=\"https:\/\/www.zorro.de\/sonstiges\/gn-behaelter\"><span class=\"w-btn-label\">ALLE GN BEH\u00c4LTER &amp; DECKEL IN EDELSTAHL<\/span><\/a><\/div><\/div><\/div><\/div><\/div><\/div><\/div><\/section><section class=\"l-section wpb_row height_small\"><div class=\"l-section-h i-cf\"><div class=\"g-cols vc_row via_flex valign_top type_default stacking_default\"><div class=\"vc_col-sm-12 wpb_column vc_column_container\"><div class=\"vc_column-inner\"><div class=\"wpb_wrapper\"><div class=\"wpb_text_column\"><div class=\"wpb_wrapper\"><h4 style=\"text-align: center;\"><strong>Fragen?<\/strong><\/h4>\n<h4 style=\"text-align: center;\">Wir haben Antworten!<\/h4>\n<h4 style=\"text-align: center;\">Entweder unter FAQs, oder \u00fcber unseren Kundendienst per\u00a0<a href=\"https:\/\/api.whatsapp.com\/send\/?phone=4917634697316&amp;text&amp;type=phone_number&amp;app_absent=0\">Whatsapp<\/a>, Telefon <a href=\"tel:0 800 - 72 12 72 12\">0 800 &#8211; 72 12 72 12<\/a>\u00a0oder unser\u00a0<a href=\"https:\/\/www.zorro.de\/blog\/servicedesk\/#kontakt\">Kontaktformular<\/a>.<\/h4>\n<\/div><\/div><\/div><\/div><\/div><\/div><\/div><\/section>\n","protected":false},"excerpt":{"rendered":"GN Beh\u00e4lter in Gastronorm Auswahl an Gastronormbeh\u00e4lter f\u00fcr den professionellen Einsatz in der gastronomischen K\u00fcche. Nach Bereichen w\u00e4hlen Bei den Beh\u00e4ltern k\u00f6nnen Sie w\u00e4hlen aus Edelstahl oder Kunststoff mit Polycarbonat. Dazu erhalten Sie passende Deckel als Standard oder auch mit Dichtung. Die Gr\u00f6\u00dfen entsprechen den g\u00e4ngigen Gastronorm Ma\u00dfen. Edelstahl Kunststoff (Polycarbonat) Deckel Die Gastronormbeh\u00e4lter aus...","protected":false},"author":5,"featured_media":0,"parent":0,"menu_order":0,"comment_status":"closed","ping_status":"closed","template":"","meta":{"inline_featured_image":false,"footnotes":""},"class_list":["post-1880","page","type-page","status-publish","hentry"],"_links":{"self":[{"href":"https:\/\/www.zorro.de\/blog\/wp-json\/wp\/v2\/pages\/1880","targetHints":{"allow":["GET"]}}],"collection":[{"href":"https:\/\/www.zorro.de\/blog\/wp-json\/wp\/v2\/pages"}],"about":[{"href":"https:\/\/www.zorro.de\/blog\/wp-json\/wp\/v2\/types\/page"}],"author":[{"embeddable":true,"href":"https:\/\/www.zorro.de\/blog\/wp-json\/wp\/v2\/users\/5"}],"replies":[{"embeddable":true,"href":"https:\/\/www.zorro.de\/blog\/wp-json\/wp\/v2\/comments?post=1880"}],"version-history":[{"count":75,"href":"https:\/\/www.zorro.de\/blog\/wp-json\/wp\/v2\/pages\/1880\/revisions"}],"predecessor-version":[{"id":2541,"href":"https:\/\/www.zorro.de\/blog\/wp-json\/wp\/v2\/pages\/1880\/revisions\/2541"}],"wp:attachment":[{"href":"https:\/\/www.zorro.de\/blog\/wp-json\/wp\/v2\/media?parent=1880"}],"curies":[{"name":"wp","href":"https:\/\/api.w.org\/{rel}","templated":true}]}}