{"id":2503,"date":"2023-06-28T13:47:44","date_gmt":"2023-06-28T11:47:44","guid":{"rendered":"https:\/\/www.zorro.de\/blog\/?page_id=2503"},"modified":"2023-07-10T11:55:58","modified_gmt":"2023-07-10T09:55:58","slug":"chafing-dishes-speisenwaermer","status":"publish","type":"page","link":"https:\/\/www.zorro.de\/blog\/chafing-dishes-speisenwaermer\/","title":{"rendered":"Chafing Dish Speisenw\u00e4rmer"},"content":{"rendered":"<section class=\"l-section wpb_row us_custom_c3dc6b91 height_small\"><div class=\"l-section-h i-cf\"><div class=\"g-cols vc_row via_flex valign_top type_default stacking_default\"><div class=\"vc_col-sm-12 wpb_column vc_column_container\"><div class=\"vc_column-inner\"><div class=\"wpb_wrapper\"><div class=\"wpb_text_column us_custom_1af7c6c2\"><div class=\"wpb_wrapper\"><h1 style=\"text-align: center;\">Chafing Dish Speisenw\u00e4rmer: Kriterien f\u00fcr den Kauf<\/h1>\n<\/div><\/div><div class=\"wpb_text_column us_custom_0f8f44b7\"><div class=\"wpb_wrapper\"><p style=\"text-align: center;\">Warmhalten von Speisen mit Brennpaste oder elektrisch. Die ideale L\u00f6sung f\u00fcr Buffets, Kantine und bei Essen zum Mitnehmen.<\/p>\n<\/div><\/div><\/div><\/div><\/div><\/div><\/div><\/section><section class=\"l-section wpb_row us_custom_c3dc6b91 height_small\"><div class=\"l-section-overlay\" style=\"background:#1a1a1a\"><\/div><div class=\"l-section-h i-cf\"><div class=\"g-cols vc_row via_flex valign_top type_default stacking_default\"><div class=\"vc_col-sm-6 wpb_column vc_column_container\"><div class=\"vc_column-inner\"><div class=\"wpb_wrapper\"><div class=\"wpb_text_column us_custom_228f065d has_text_color\"><div class=\"wpb_wrapper\"><h2><strong>Modell-Varianten<\/strong><\/h2>\n<\/div><\/div><div class=\"wpb_text_column us_custom_8b3d6790 has_text_color\"><div class=\"wpb_wrapper\"><h3>Elektrisch f\u00fcr Stromanschluss zum l\u00e4ngeren W\u00e4rmen von Speisen.<\/h3>\n<p><img loading=\"lazy\" decoding=\"async\" class=\"wp-image-2507 size-full alignright\" src=\"https:\/\/www.zorro.de\/blog\/wp-content\/uploads\/2023\/06\/chafing-dish-elektrisch.png\" alt=\"\" width=\"300\" height=\"300\" srcset=\"https:\/\/www.zorro.de\/blog\/wp-content\/uploads\/2023\/06\/chafing-dish-elektrisch.png 300w, https:\/\/www.zorro.de\/blog\/wp-content\/uploads\/2023\/06\/chafing-dish-elektrisch-150x150.png 150w\" sizes=\"auto, (max-width: 300px) 100vw, 300px\" \/>Unabh\u00e4ngige Verwendung ohne Strom. Schafft au\u00dferdem ein stilvolles Ambiente bei Buffets, da keine Kabel verlegt werden m\u00fcssen.<\/p>\n<p>Geeignet als Speisenw\u00e4rmer bei Festlichkeiten, au\u00dferdem in Restaurants, Hotels und beim Catering.<\/p>\n<\/div><\/div><div class=\"w-separator size_small\"><\/div><div class=\"wpb_text_column us_custom_8b3d6790 has_text_color\"><div class=\"wpb_wrapper\"><h3>Mobiler Einsatz mit Brennpaste<\/h3>\n<p><img loading=\"lazy\" decoding=\"async\" class=\"wp-image-2510 size-full alignright\" src=\"https:\/\/www.zorro.de\/blog\/wp-content\/uploads\/2023\/06\/chafing-dish-brennstoff.png\" alt=\"\" width=\"300\" height=\"300\" srcset=\"https:\/\/www.zorro.de\/blog\/wp-content\/uploads\/2023\/06\/chafing-dish-brennstoff.png 300w, https:\/\/www.zorro.de\/blog\/wp-content\/uploads\/2023\/06\/chafing-dish-brennstoff-150x150.png 150w\" sizes=\"auto, (max-width: 300px) 100vw, 300px\" \/><\/p>\n<p>In der massiven vollen Form k\u00fchlt das Eis l\u00e4nger, da es eine gewisse Zeit zum Schmelzen ben\u00f6tigt. Das nutzt man speziell f\u00fcr Getr\u00e4nke, bei welchen der Geschmack erhalten bleiben soll.<\/p>\n<p>Zudem lassen sich damit Flaschen und Speisen f\u00fcr l\u00e4ngere Zeit k\u00fchlen. Das eignet sich vor allem f\u00fcr Bars und Clubs, aber auch f\u00fcr Catering und kalte Theken.<\/p>\n<\/div><\/div><\/div><\/div><\/div><div class=\"vc_col-sm-6 wpb_column vc_column_container\"><div class=\"vc_column-inner\"><div class=\"wpb_wrapper\"><div class=\"wpb_text_column us_custom_80c93567 has_text_color\"><div class=\"wpb_wrapper\"><h3>Induktionsf\u00e4hige Beh\u00e4lter<\/h3>\n<p><img loading=\"lazy\" decoding=\"async\" class=\"wp-image-2508 size-full alignright\" src=\"https:\/\/www.zorro.de\/blog\/wp-content\/uploads\/2023\/06\/induktion-chafing-dish-kaufen.png\" alt=\"\" width=\"300\" height=\"300\" srcset=\"https:\/\/www.zorro.de\/blog\/wp-content\/uploads\/2023\/06\/induktion-chafing-dish-kaufen.png 300w, https:\/\/www.zorro.de\/blog\/wp-content\/uploads\/2023\/06\/induktion-chafing-dish-kaufen-150x150.png 150w\" sizes=\"auto, (max-width: 300px) 100vw, 300px\" \/><\/p>\n<p>Auf einem Induktionsger\u00e4t l\u00e4sst sich der Beh\u00e4lter mit den Speisen vorw\u00e4rmen oder l\u00e4ngere Zeit warmhalten.<\/p>\n<p>Nach dem Vorw\u00e4rmen kann man den Beh\u00e4lter auch mobil mit Brennpaste verwenden. Dadurch eignet sich dieses Modell f\u00fcr die Ausgabe von Essen und zum Warmhalten auf einem Buffet.<\/p>\n<\/div><\/div><div class=\"w-separator size_small\"><\/div><\/div><\/div><\/div><\/div><\/div><\/section><section class=\"l-section wpb_row us_custom_c3dc6b91 height_small\"><div class=\"l-section-overlay\" style=\"background:var(--color-header-middle-bg)\"><\/div><div class=\"l-section-h i-cf\"><div class=\"g-cols vc_row via_flex valign_top type_default stacking_default\"><div class=\"vc_col-sm-6 wpb_column vc_column_container\"><div class=\"vc_column-inner\"><div class=\"wpb_wrapper\"><div class=\"wpb_text_column\"><div class=\"wpb_wrapper\"><h2>Weitere Auswahlkriterien f\u00fcr Chafing Dishes<\/h2>\n<\/div><\/div><div class=\"wpb_text_column us_custom_0490361b\"><div class=\"wpb_wrapper\"><h3>Passend f\u00fcr GN-Beh\u00e4lter<\/h3>\n<p><img loading=\"lazy\" decoding=\"async\" class=\"wp-image-2061 size-full alignright\" src=\"https:\/\/www.zorro.de\/blog\/wp-content\/uploads\/2023\/05\/gn-gastronorm-behaelter-edelstahl-kaufen.jpeg\" alt=\"\" width=\"154\" height=\"88\" \/>Verschiedene GN-Beh\u00e4lter erm\u00f6glichen es, Zutaten eines Gerichts separat warmzuhalten.<\/p>\n<\/div><\/div><div class=\"w-separator size_small\"><\/div><div class=\"wpb_text_column us_custom_d984a24d\"><div class=\"wpb_wrapper\"><h3>Edelstahl<\/h3>\n<p><img loading=\"lazy\" decoding=\"async\" class=\"wp-image-2462 size-medium alignright\" src=\"https:\/\/www.zorro.de\/blog\/wp-content\/uploads\/2023\/06\/edelstahl-300x225.jpeg\" alt=\"\" width=\"300\" height=\"225\" srcset=\"https:\/\/www.zorro.de\/blog\/wp-content\/uploads\/2023\/06\/edelstahl-300x225.jpeg 300w, https:\/\/www.zorro.de\/blog\/wp-content\/uploads\/2023\/06\/edelstahl-1024x768.jpeg 1024w, https:\/\/www.zorro.de\/blog\/wp-content\/uploads\/2023\/06\/edelstahl.jpeg 1500w\" sizes=\"auto, (max-width: 300px) 100vw, 300px\" \/><\/p>\n<p>Dieses Material hat den Vorteil, dass man es leicht reinigen kann. Das verbessert den Hygiene-Standard.<\/p>\n<\/div><\/div><\/div><\/div><\/div><div class=\"vc_col-sm-6 wpb_column vc_column_container\"><div class=\"vc_column-inner\"><div class=\"wpb_wrapper\"><div class=\"wpb_text_column us_custom_e3d11c2d\"><div class=\"wpb_wrapper\"><h3>Leichter Aufbau und Einsatz<\/h3>\n<p>Dies ist hilfreich f\u00fcr einen reibungslosen Ablauf im Betrieb und bei Festlichkeiten.<\/p>\n<p>Dahingegen bieten Schubladen den Vorteil, dass man sie herausziehen kann und die Lebensmittel dadurch leichter zug\u00e4ngig sind.<\/p>\n<\/div><\/div><div class=\"w-separator size_small\"><\/div><div class=\"wpb_text_column us_custom_0f8f44b7\"><div class=\"wpb_wrapper\"><h3>Fassungsvolumen<\/h3>\n<p>Je nach Anzahl der G\u00e4ste ist unter Umst\u00e4nden ein gr\u00f6\u00dferes Fassungsvolumen sinnvoll. Optional lassen sich auch mehrere Chafing Dishes verwenden.<\/p>\n<\/div><\/div><\/div><\/div><\/div><\/div><\/div><\/section><section class=\"l-section wpb_row height_small\"><div class=\"l-section-overlay\" style=\"background:#e8e8e8\"><\/div><div class=\"l-section-h i-cf\"><div class=\"g-cols vc_row via_flex valign_top type_default stacking_default\"><div class=\"vc_col-sm-12 wpb_column vc_column_container\"><div class=\"vc_column-inner\"><div class=\"wpb_wrapper\"><div class=\"wpb_text_column us_custom_f029a2ba\"><div class=\"wpb_wrapper\"><h2 class=\"title\" style=\"text-align: center;\">Einzelger\u00e4te<\/h2>\n<\/div><\/div><\/div><\/div><\/div><div class=\"vc_col-sm-2 wpb_column vc_column_container has_bg_color has-link\"><div class=\"vc_column-inner us_custom_a834b9d1\"><div class=\"wpb_wrapper\"><div class=\"w-image align_none\"><div class=\"w-image-h\"><img loading=\"lazy\" decoding=\"async\" width=\"300\" height=\"300\" src=\"https:\/\/www.zorro.de\/blog\/wp-content\/uploads\/2023\/06\/213-1045.jpeg\" class=\"attachment-large size-large\" alt=\"\" srcset=\"https:\/\/www.zorro.de\/blog\/wp-content\/uploads\/2023\/06\/213-1045.jpeg 300w, https:\/\/www.zorro.de\/blog\/wp-content\/uploads\/2023\/06\/213-1045-150x150.jpeg 150w\" sizes=\"auto, (max-width: 300px) 100vw, 300px\" \/><\/div><\/div><div class=\"wpb_text_column us_custom_c8097b5b has_text_color\"><div class=\"wpb_wrapper\"><p>SARO Elektrischer Chafing Dish LORENA<\/p>\n<\/div><\/div><div class=\"w-separator us_custom_d2199d32 size_small with_line width_default thick_1 style_solid color_border align_center\"><div class=\"w-separator-h\"><\/div><\/div><div class=\"wpb_text_column\"><div class=\"wpb_wrapper\"><p><span style=\"color: #dc005a;\">89,70 \u20ac<\/span><br \/>\nzzgl. MwSt.<\/p>\n<\/div><\/div><\/div><\/div><a href=\"https:\/\/www.zorro.de\/saro-elektrischer-chafing-dish-modell-lorena\" class=\"vc_column-link smooth-scroll\" aria-label=\"Link\"><\/a><\/div><div class=\"vc_col-sm-2 wpb_column vc_column_container has_bg_color has-link\"><div class=\"vc_column-inner us_custom_a834b9d1\"><div class=\"wpb_wrapper\"><div class=\"w-image align_none\"><div class=\"w-image-h\"><img loading=\"lazy\" decoding=\"async\" width=\"300\" height=\"300\" src=\"https:\/\/www.zorro.de\/blog\/wp-content\/uploads\/2023\/06\/213-1200.jpeg\" class=\"attachment-large size-large\" alt=\"\" srcset=\"https:\/\/www.zorro.de\/blog\/wp-content\/uploads\/2023\/06\/213-1200.jpeg 300w, https:\/\/www.zorro.de\/blog\/wp-content\/uploads\/2023\/06\/213-1200-150x150.jpeg 150w\" sizes=\"auto, (max-width: 300px) 100vw, 300px\" \/><\/div><\/div><div class=\"wpb_text_column us_custom_f43d3c9d\"><div class=\"wpb_wrapper\"><p>SARO Induktion Chafing Dish, 1\/1 GN RAINER<\/p>\n<\/div><\/div><div class=\"w-separator size_small with_line width_default thick_1 style_solid color_border align_center\"><div class=\"w-separator-h\"><\/div><\/div><div class=\"wpb_text_column\"><div class=\"wpb_wrapper\"><p><span style=\"color: #dc005a;\">312,00 \u20ac<br \/>\n<\/span>zzgl. MwSt.<\/p>\n<\/div><\/div><\/div><\/div><a href=\"https:\/\/www.zorro.de\/saro-induktion-chafing-dish-mit-selbstschlie\u00dfendem-deckel-1-1-gn-modell-rainer\" class=\"vc_column-link smooth-scroll\" aria-label=\"Link\"><\/a><\/div><div class=\"vc_col-sm-2 wpb_column vc_column_container has_bg_color has-link\"><div class=\"vc_column-inner us_custom_a834b9d1\"><div class=\"wpb_wrapper\"><div class=\"w-image align_none\"><div class=\"w-image-h\"><img loading=\"lazy\" decoding=\"async\" width=\"300\" height=\"300\" src=\"https:\/\/www.zorro.de\/blog\/wp-content\/uploads\/2023\/06\/213-1210.jpeg\" class=\"attachment-large size-large\" alt=\"\" srcset=\"https:\/\/www.zorro.de\/blog\/wp-content\/uploads\/2023\/06\/213-1210.jpeg 300w, https:\/\/www.zorro.de\/blog\/wp-content\/uploads\/2023\/06\/213-1210-150x150.jpeg 150w\" sizes=\"auto, (max-width: 300px) 100vw, 300px\" \/><\/div><\/div><div class=\"wpb_text_column us_custom_f43d3c9d\"><div class=\"wpb_wrapper\"><p>SARO Induktion Chafing Dish, rund JESSIE<\/p>\n<\/div><\/div><div class=\"w-separator size_small with_line width_default thick_1 style_solid color_border align_center\"><div class=\"w-separator-h\"><\/div><\/div><div class=\"wpb_text_column\"><div class=\"wpb_wrapper\"><p><span style=\"color: #dc005a;\">289,25 \u20ac<br \/>\n<\/span>zzgl. MwSt.<\/p>\n<\/div><\/div><\/div><\/div><a href=\"https:\/\/www.zorro.de\/saro-induktion-chafing-dish-mit-selbstschlie\u00dfendem-deckel-rund-modell-jessie\" class=\"vc_column-link smooth-scroll\" aria-label=\"Link\"><\/a><\/div><div class=\"vc_col-sm-2 wpb_column vc_column_container has_bg_color has-link\"><div class=\"vc_column-inner us_custom_a834b9d1\"><div class=\"wpb_wrapper\"><div class=\"w-image align_none\"><div class=\"w-image-h\"><img loading=\"lazy\" decoding=\"async\" width=\"300\" height=\"300\" src=\"https:\/\/www.zorro.de\/blog\/wp-content\/uploads\/2023\/06\/213-4070.jpeg\" class=\"attachment-large size-large\" alt=\"\" srcset=\"https:\/\/www.zorro.de\/blog\/wp-content\/uploads\/2023\/06\/213-4070.jpeg 300w, https:\/\/www.zorro.de\/blog\/wp-content\/uploads\/2023\/06\/213-4070-150x150.jpeg 150w\" sizes=\"auto, (max-width: 300px) 100vw, 300px\" \/><\/div><\/div><div class=\"wpb_text_column us_custom_f43d3c9d\"><div class=\"wpb_wrapper\"><p>SARO Chafing Dish mit Rolldeckel 1\/1 GN DENNIS<\/p>\n<\/div><\/div><div class=\"w-separator size_small with_line width_default thick_1 style_solid color_border align_center\"><div class=\"w-separator-h\"><\/div><\/div><div class=\"wpb_text_column\"><div class=\"wpb_wrapper\"><p><span style=\"color: #dc005a;\">115,70 \u20ac<br \/>\n<\/span>zzgl. MwSt.<\/p>\n<\/div><\/div><\/div><\/div><a href=\"https:\/\/www.zorro.de\/saro-chafing-dish-mit-rolldeckel-1-1-gn-modell-dennis\" class=\"vc_column-link smooth-scroll\" aria-label=\"Link\"><\/a><\/div><div class=\"vc_col-sm-2 wpb_column vc_column_container has_bg_color has-link\"><div class=\"vc_column-inner us_custom_a834b9d1\"><div class=\"wpb_wrapper\"><div class=\"w-image align_none\"><div class=\"w-image-h\"><img loading=\"lazy\" decoding=\"async\" width=\"300\" height=\"300\" src=\"https:\/\/www.zorro.de\/blog\/wp-content\/uploads\/2023\/06\/213-1001.jpeg\" class=\"attachment-large size-large\" alt=\"\" srcset=\"https:\/\/www.zorro.de\/blog\/wp-content\/uploads\/2023\/06\/213-1001.jpeg 300w, https:\/\/www.zorro.de\/blog\/wp-content\/uploads\/2023\/06\/213-1001-150x150.jpeg 150w\" sizes=\"auto, (max-width: 300px) 100vw, 300px\" \/><\/div><\/div><div class=\"wpb_text_column us_custom_f43d3c9d\"><div class=\"wpb_wrapper\"><p>SARO Chafing Dish &#8211; 1\/1 GN ANOUK 1<\/p>\n<\/div><\/div><div class=\"w-separator us_custom_7b17ad38 size_small with_line width_default thick_1 style_solid color_border align_center\"><div class=\"w-separator-h\"><\/div><\/div><div class=\"wpb_text_column\"><div class=\"wpb_wrapper\"><p><span style=\"color: #dc005a;\">48,75 \u20ac<br \/>\n<\/span>zzgl. MwSt.<\/p>\n<\/div><\/div><\/div><\/div><a href=\"https:\/\/www.zorro.de\/saro-chafing-dish-1-1-gn-modell-anouk-1\" class=\"vc_column-link smooth-scroll\" aria-label=\"Link\"><\/a><\/div><div class=\"vc_col-sm-2 wpb_column vc_column_container has_bg_color has-link\"><div class=\"vc_column-inner us_custom_a834b9d1\"><div class=\"wpb_wrapper\"><div class=\"w-image align_none\"><div class=\"w-image-h\"><img loading=\"lazy\" decoding=\"async\" width=\"300\" height=\"300\" src=\"https:\/\/www.zorro.de\/blog\/wp-content\/uploads\/2023\/06\/127-1018.jpeg\" class=\"attachment-large size-large\" alt=\"\" srcset=\"https:\/\/www.zorro.de\/blog\/wp-content\/uploads\/2023\/06\/127-1018.jpeg 300w, https:\/\/www.zorro.de\/blog\/wp-content\/uploads\/2023\/06\/127-1018-150x150.jpeg 150w\" sizes=\"auto, (max-width: 300px) 100vw, 300px\" \/><\/div><\/div><div class=\"wpb_text_column us_custom_f43d3c9d\"><div class=\"wpb_wrapper\"><p>SARO Chafing Dish CARLA<\/p>\n<\/div><\/div><div class=\"w-separator us_custom_7b17ad38 size_small with_line width_default thick_1 style_solid color_border align_center\"><div class=\"w-separator-h\"><\/div><\/div><div class=\"wpb_text_column\"><div class=\"wpb_wrapper\"><p><span style=\"color: #dc005a;\">41,60 \u20ac<br \/>\n<\/span>zzgl. MwSt.<\/p>\n<\/div><\/div><\/div><\/div><a href=\"https:\/\/www.zorro.de\/saro-chafing-dish-modell-carla\" class=\"vc_column-link smooth-scroll\" aria-label=\"Link\"><\/a><\/div><\/div><\/div><\/section><section class=\"l-section wpb_row height_small\"><div class=\"l-section-overlay\" style=\"background:#e8e8e8\"><\/div><div class=\"l-section-h i-cf\"><div class=\"g-cols vc_row via_flex valign_top type_default stacking_default\"><div class=\"vc_col-sm-12 wpb_column vc_column_container\"><div class=\"vc_column-inner\"><div class=\"wpb_wrapper\"><div class=\"w-actionbox us_custom_9a9a90ee has_text_color color_primary controls_bottom\"><div class=\"w-actionbox-text\"><\/div><div class=\"w-actionbox-controls\"><a class=\"w-btn us-btn-style_1\" href=\"https:\/\/www.zorro.de\/buffet-und-catering\/chafing-dishes\"><span class=\"w-btn-label\">ALLE CHAFING DISHES<\/span><\/a><\/div><\/div><\/div><\/div><\/div><\/div><\/div><\/section><section class=\"l-section wpb_row height_small\"><div class=\"l-section-overlay\" style=\"background:#e8e8e8\"><\/div><div class=\"l-section-h i-cf\"><div class=\"g-cols vc_row via_flex valign_top type_default stacking_default\"><div class=\"vc_col-sm-12 wpb_column vc_column_container\"><div class=\"vc_column-inner\"><div class=\"wpb_wrapper\"><div class=\"wpb_text_column us_custom_f029a2ba\"><div class=\"wpb_wrapper\"><h2 class=\"title\" style=\"text-align: center;\">Sets<\/h2>\n<\/div><\/div><\/div><\/div><\/div><div class=\"vc_col-sm-4 wpb_column vc_column_container has_bg_color has-link\"><div class=\"vc_column-inner us_custom_a834b9d1\"><div class=\"wpb_wrapper\"><div class=\"w-image align_none\"><div class=\"w-image-h\"><img loading=\"lazy\" decoding=\"async\" width=\"300\" height=\"300\" src=\"https:\/\/www.zorro.de\/blog\/wp-content\/uploads\/2023\/06\/213-1018.jpeg\" class=\"attachment-large size-large\" alt=\"\" srcset=\"https:\/\/www.zorro.de\/blog\/wp-content\/uploads\/2023\/06\/213-1018.jpeg 300w, https:\/\/www.zorro.de\/blog\/wp-content\/uploads\/2023\/06\/213-1018-150x150.jpeg 150w\" sizes=\"auto, (max-width: 300px) 100vw, 300px\" \/><\/div><\/div><div class=\"wpb_text_column us_custom_c8097b5b has_text_color\"><div class=\"wpb_wrapper\"><p>SARO Chafing Dish Twin-Pack ELENA<\/p>\n<\/div><\/div><div class=\"w-separator size_small with_line width_default thick_1 style_solid color_border align_center\"><div class=\"w-separator-h\"><\/div><\/div><div class=\"wpb_text_column\"><div class=\"wpb_wrapper\"><p><span style=\"color: #dc005a;\">90,35 \u20ac<\/span><br \/>\nzzgl. MwSt.<\/p>\n<\/div><\/div><\/div><\/div><a href=\"https:\/\/www.zorro.de\/saro-chafing-dish-twin-pack-modell-elena\" class=\"vc_column-link smooth-scroll\" aria-label=\"Link\"><\/a><\/div><div class=\"vc_col-sm-4 wpb_column vc_column_container has_bg_color has-link\"><div class=\"vc_column-inner us_custom_a834b9d1\"><div class=\"wpb_wrapper\"><div class=\"w-image align_none\"><div class=\"w-image-h\"><img loading=\"lazy\" decoding=\"async\" width=\"300\" height=\"300\" src=\"https:\/\/www.zorro.de\/blog\/wp-content\/uploads\/2023\/06\/chafing_dish_duo.jpeg\" class=\"attachment-large size-large\" alt=\"\" srcset=\"https:\/\/www.zorro.de\/blog\/wp-content\/uploads\/2023\/06\/chafing_dish_duo.jpeg 300w, https:\/\/www.zorro.de\/blog\/wp-content\/uploads\/2023\/06\/chafing_dish_duo-150x150.jpeg 150w\" sizes=\"auto, (max-width: 300px) 100vw, 300px\" \/><\/div><\/div><div class=\"wpb_text_column us_custom_f43d3c9d\"><div class=\"wpb_wrapper\"><p>Chafing Dish Starter Set<\/p>\n<\/div><\/div><div class=\"w-separator size_small with_line width_default thick_1 style_solid color_border align_center\"><div class=\"w-separator-h\"><\/div><\/div><div class=\"wpb_text_column\"><div class=\"wpb_wrapper\"><p><span style=\"color: #dc005a;\">66,39 \u20ac<br \/>\n<\/span>zzgl. MwSt.<\/p>\n<\/div><\/div><\/div><\/div><a href=\"https:\/\/www.zorro.de\/chafing-dish-starter-set\" class=\"vc_column-link smooth-scroll\" aria-label=\"Link\"><\/a><\/div><div class=\"vc_col-sm-4 wpb_column vc_column_container\"><div class=\"vc_column-inner\"><div class=\"wpb_wrapper\"><\/div><\/div><\/div><\/div><\/div><\/section><section class=\"l-section wpb_row height_small\"><div class=\"l-section-overlay\" style=\"background:#e8e8e8\"><\/div><div class=\"l-section-h i-cf\"><div class=\"g-cols vc_row via_flex valign_top type_default stacking_default\"><div class=\"vc_col-sm-12 wpb_column vc_column_container\"><div class=\"vc_column-inner\"><div class=\"wpb_wrapper\"><div class=\"w-actionbox us_custom_9a9a90ee has_text_color color_primary controls_bottom\"><div class=\"w-actionbox-text\"><\/div><div class=\"w-actionbox-controls\"><a class=\"w-btn us-btn-style_1\" href=\"https:\/\/www.zorro.de\/buffet-und-catering\/chafing-dishes\"><span class=\"w-btn-label\">ALLE CHAFING DISHES<\/span><\/a><\/div><\/div><\/div><\/div><\/div><\/div><\/div><\/section><section class=\"l-section wpb_row height_small\"><div class=\"l-section-h i-cf\"><div class=\"g-cols vc_row via_flex valign_top type_default stacking_default\"><div class=\"vc_col-sm-12 wpb_column vc_column_container\"><div class=\"vc_column-inner\"><div class=\"wpb_wrapper\"><div class=\"wpb_text_column\"><div class=\"wpb_wrapper\"><h4 style=\"text-align: center;\"><strong>Fragen?<\/strong><\/h4>\n<h4 style=\"text-align: center;\">Wir haben Antworten!<\/h4>\n<h4 style=\"text-align: center;\">Entweder unter FAQs, oder \u00fcber unseren Kundendienst per\u00a0<a href=\"https:\/\/api.whatsapp.com\/send\/?phone=4917634697316&amp;text&amp;type=phone_number&amp;app_absent=0\">Whatsapp<\/a>, Telefon <a href=\"tel:0 800 - 72 12 72 12\">0 800 &#8211; 72 12 72 12<\/a>\u00a0oder unser\u00a0<a href=\"https:\/\/www.zorro.de\/blog\/servicedesk\/#kontakt\">Kontaktformular<\/a>.<\/h4>\n<\/div><\/div><\/div><\/div><\/div><\/div><\/div><\/section>\n","protected":false},"excerpt":{"rendered":"Chafing Dish Speisenw\u00e4rmer: Kriterien f\u00fcr den Kauf Warmhalten von Speisen mit Brennpaste oder elektrisch. Die ideale L\u00f6sung f\u00fcr Buffets, Kantine und bei Essen zum Mitnehmen. Modell-Varianten Elektrisch f\u00fcr Stromanschluss zum l\u00e4ngeren W\u00e4rmen von Speisen. Unabh\u00e4ngige Verwendung ohne Strom. Schafft au\u00dferdem ein stilvolles Ambiente bei Buffets, da keine Kabel verlegt werden m\u00fcssen. Geeignet als Speisenw\u00e4rmer bei...","protected":false},"author":5,"featured_media":0,"parent":0,"menu_order":0,"comment_status":"closed","ping_status":"closed","template":"","meta":{"inline_featured_image":false,"footnotes":""},"class_list":["post-2503","page","type-page","status-publish","hentry"],"_links":{"self":[{"href":"https:\/\/www.zorro.de\/blog\/wp-json\/wp\/v2\/pages\/2503","targetHints":{"allow":["GET"]}}],"collection":[{"href":"https:\/\/www.zorro.de\/blog\/wp-json\/wp\/v2\/pages"}],"about":[{"href":"https:\/\/www.zorro.de\/blog\/wp-json\/wp\/v2\/types\/page"}],"author":[{"embeddable":true,"href":"https:\/\/www.zorro.de\/blog\/wp-json\/wp\/v2\/users\/5"}],"replies":[{"embeddable":true,"href":"https:\/\/www.zorro.de\/blog\/wp-json\/wp\/v2\/comments?post=2503"}],"version-history":[{"count":21,"href":"https:\/\/www.zorro.de\/blog\/wp-json\/wp\/v2\/pages\/2503\/revisions"}],"predecessor-version":[{"id":2535,"href":"https:\/\/www.zorro.de\/blog\/wp-json\/wp\/v2\/pages\/2503\/revisions\/2535"}],"wp:attachment":[{"href":"https:\/\/www.zorro.de\/blog\/wp-json\/wp\/v2\/media?parent=2503"}],"curies":[{"name":"wp","href":"https:\/\/api.w.org\/{rel}","templated":true}]}}