{"id":3320,"date":"2024-10-28T10:53:04","date_gmt":"2024-10-28T09:53:04","guid":{"rendered":"https:\/\/www.zorro.de\/blog\/?page_id=3320"},"modified":"2025-01-20T14:02:31","modified_gmt":"2025-01-20T13:02:31","slug":"gastro-wiki","status":"publish","type":"page","link":"https:\/\/www.zorro.de\/blog\/gastro-wiki\/","title":{"rendered":"Gastro wiki"},"content":{"rendered":"<section class=\"l-section wpb_row height_small\"><div class=\"l-section-h i-cf\"><div class=\"g-cols vc_row via_flex valign_top type_default stacking_default\"><div class=\"vc_col-sm-12 wpb_column vc_column_container\"><div class=\"vc_column-inner\"><div class=\"wpb_wrapper\"><div class=\"g-cols wpb_row us_custom_a4727fdc via_flex valign_top type_default stacking_default\"><div class=\"vc_col-sm-6 wpb_column vc_column_container\"><div class=\"vc_column-inner\"><div class=\"wpb_wrapper\"><div class=\"wpb_text_column us_custom_a574d586 has_text_color\"><div class=\"wpb_wrapper\"><h1>Gastro Wiki<\/h1>\n<\/div><\/div><div class=\"wpb_text_column us_custom_a574d586 has_text_color\"><div class=\"wpb_wrapper\"><h2>Tipps zu Auswahl, Anwendung und Pflege unserer Produkte<\/h2>\n<\/div><\/div><\/div><\/div><\/div><div class=\"vc_col-sm-6 wpb_column vc_column_container\"><div class=\"vc_column-inner\"><div class=\"wpb_wrapper\"><div class=\"wpb_text_column\"><div class=\"wpb_wrapper\"><p>Willkommen in unserem ZORRO Gastro Wiki!<\/p>\n<p>Hier findest du wertvolle Tipps und Informationen rund um die Auswahl, Pflege und Anwendung unserer Ger\u00e4te f\u00fcr Gastronomie und Privathaushalte.<\/p>\n<\/div><\/div><div class=\"wpb_text_column\"><div class=\"wpb_wrapper\"><p>Egal, ob du dich fragst, welches Waffeleisen am besten zu dir passt, wie du einen Teppanyaki-Grill richtig reinigst oder welche K\u00fchlvitrinen es gibt \u2013 in diesem Glossar findest du klare Antworten und hilfreiche Anleitungen.<\/p>\n<p>Schau dich um und entdecke die Vielfalt unserer Produkte, um genau das Richtige f\u00fcr deine K\u00fcche zu finden.<\/p>\n<\/div><\/div><\/div><\/div><\/div><\/div><div class=\"g-cols wpb_row via_flex valign_top type_default stacking_default\"><div class=\"vc_col-sm-12 wpb_column vc_column_container\"><div class=\"vc_column-inner\"><div class=\"wpb_wrapper\"><div class=\"w-separator size_medium\"><\/div>[vc_raw_html]JTVCaXZvcnktc2VhcmNoJTIwaWQlM0QlMjIzMzIzJTIyJTIwdGl0bGUlM0QlMjJHYXN0cm8lMjB3aWtpJTIyJTVE[\/vc_raw_html]<\/div><\/div><\/div><\/div><div class=\"w-separator size_large\"><\/div><div class=\"w-grid us_custom_df5f4c97 has_text_color type_masonry layout_blog_3 with_filters with_css_animation\" id=\"us_grid_1\"><style>#us_grid_1 .w-grid-item:not(:last-child){margin-bottom:1.5rem}#us_grid_1 .g-loadmore{margin-top:1.5rem}.layout_blog_3 .w-grid-item-h{}<\/style><div class=\"g-filters style_3 align_left\"><button class=\"g-filters-item active\" data-taxonomy=\"*\"><span>Alle<\/span><\/button><button class=\"g-filters-item\" data-taxonomy=\"buffet-catering\" data-amount=\"4\"><span>Buffet &amp; Catering<\/span><span class=\"g-filters-item-amount\">4<\/span><\/button><button class=\"g-filters-item\" data-taxonomy=\"kochgeraete\" data-amount=\"8\"><span>Kochger\u00e4te<\/span><span class=\"g-filters-item-amount\">8<\/span><\/button><button class=\"g-filters-item\" data-taxonomy=\"kuechengeraete\" data-amount=\"5\"><span>K\u00fcchenger\u00e4te<\/span><span class=\"g-filters-item-amount\">5<\/span><\/button><button class=\"g-filters-item\" data-taxonomy=\"kuehlgeraete\" data-amount=\"4\"><span>K\u00fchlger\u00e4te<\/span><span class=\"g-filters-item-amount\">4<\/span><\/button><\/div><div class=\"w-grid-list\" data-filter_taxonomy_name=\"category\" data-filter_default_taxonomies=\"buffet-catering,kochgeraete,kuechengeraete,kuehlgeraete\">\t<article class=\"w-grid-item us_animate_fade size_1x1 post-3425 post type-post status-publish format-standard hentry category-buffet-catering category-gastro-wiki\" data-id=\"3425\">\r\n\t\t<div class=\"w-grid-item-h\">\r\n\t\t\t\t\t\t\t<a class=\"w-grid-item-anchor\" href=\"https:\/\/www.zorro.de\/blog\/gastro-wiki\/chafing-dishes\/\" rel=\"bookmark\" aria-label=\"Chafing Dishes\"><\/a>\r\n\t\t\t\t\t\t<div class=\"w-post-elm post_title usg_post_title_1 entry-title color_link_inherit\"><a href=\"https:\/\/www.zorro.de\/blog\/gastro-wiki\/chafing-dishes\/\">Chafing Dishes<\/a><\/div>\t\t<\/div>\r\n\t<\/article>\r\n\t<article class=\"w-grid-item us_animate_fade size_1x1 post-3246 post type-post status-publish format-standard hentry category-gastro-wiki category-kochgeraete\" data-id=\"3246\">\r\n\t\t<div class=\"w-grid-item-h\">\r\n\t\t\t\t\t\t\t<a class=\"w-grid-item-anchor\" href=\"https:\/\/www.zorro.de\/blog\/gastro-wiki\/crepe-eisen\/\" rel=\"bookmark\" aria-label=\"Cr\u00eape-Eisen\"><\/a>\r\n\t\t\t\t\t\t<div class=\"w-post-elm post_title usg_post_title_1 entry-title color_link_inherit\"><a href=\"https:\/\/www.zorro.de\/blog\/gastro-wiki\/crepe-eisen\/\">Cr\u00eape-Eisen<\/a><\/div>\t\t<\/div>\r\n\t<\/article>\r\n\t<article class=\"w-grid-item us_animate_fade size_1x1 post-3433 post type-post status-publish format-standard hentry category-gastro-wiki category-kuehlgeraete\" data-id=\"3433\">\r\n\t\t<div class=\"w-grid-item-h\">\r\n\t\t\t\t\t\t\t<a class=\"w-grid-item-anchor\" href=\"https:\/\/www.zorro.de\/blog\/gastro-wiki\/eiswuerfelbereiter\/\" rel=\"bookmark\" aria-label=\"Eisw\u00fcrfelbereiter\"><\/a>\r\n\t\t\t\t\t\t<div class=\"w-post-elm post_title usg_post_title_1 entry-title color_link_inherit\"><a href=\"https:\/\/www.zorro.de\/blog\/gastro-wiki\/eiswuerfelbereiter\/\">Eisw\u00fcrfelbereiter<\/a><\/div>\t\t<\/div>\r\n\t<\/article>\r\n\t<article class=\"w-grid-item us_animate_fade size_1x1 post-3256 post type-post status-publish format-standard hentry category-gastro-wiki category-kuechengeraete\" data-id=\"3256\">\r\n\t\t<div class=\"w-grid-item-h\">\r\n\t\t\t\t\t\t\t<a class=\"w-grid-item-anchor\" href=\"https:\/\/www.zorro.de\/blog\/gastro-wiki\/elektrisches-doenermesser\/\" rel=\"bookmark\" aria-label=\"Elektrische D\u00f6nermesser\"><\/a>\r\n\t\t\t\t\t\t<div class=\"w-post-elm post_title usg_post_title_1 entry-title color_link_inherit\"><a href=\"https:\/\/www.zorro.de\/blog\/gastro-wiki\/elektrisches-doenermesser\/\">Elektrische D\u00f6nermesser<\/a><\/div>\t\t<\/div>\r\n\t<\/article>\r\n\t<article class=\"w-grid-item us_animate_fade size_1x1 post-3259 post type-post status-publish format-standard hentry category-gastro-wiki category-kuechengeraete\" data-id=\"3259\">\r\n\t\t<div class=\"w-grid-item-h\">\r\n\t\t\t\t\t\t\t<a class=\"w-grid-item-anchor\" href=\"https:\/\/www.zorro.de\/blog\/gastro-wiki\/elektrische-gemueseschneider\/\" rel=\"bookmark\" aria-label=\"Elektrische Gem\u00fcseschneider\"><\/a>\r\n\t\t\t\t\t\t<div class=\"w-post-elm post_title usg_post_title_1 entry-title color_link_inherit\"><a href=\"https:\/\/www.zorro.de\/blog\/gastro-wiki\/elektrische-gemueseschneider\/\">Elektrische Gem\u00fcseschneider<\/a><\/div>\t\t<\/div>\r\n\t<\/article>\r\n\t<article class=\"w-grid-item us_animate_fade size_1x1 post-3254 post type-post status-publish format-standard hentry category-gastro-wiki category-kochgeraete\" data-id=\"3254\">\r\n\t\t<div class=\"w-grid-item-h\">\r\n\t\t\t\t\t\t\t<a class=\"w-grid-item-anchor\" href=\"https:\/\/www.zorro.de\/blog\/gastro-wiki\/elektrische-pizzaoefen\/\" rel=\"bookmark\" aria-label=\"Elektrische Pizza\u00f6fen\"><\/a>\r\n\t\t\t\t\t\t<div class=\"w-post-elm post_title usg_post_title_1 entry-title color_link_inherit\"><a href=\"https:\/\/www.zorro.de\/blog\/gastro-wiki\/elektrische-pizzaoefen\/\">Elektrische Pizza\u00f6fen<\/a><\/div>\t\t<\/div>\r\n\t<\/article>\r\n\t<article class=\"w-grid-item us_animate_fade size_1x1 post-3264 post type-post status-publish format-standard hentry category-gastro-wiki category-kochgeraete\" data-id=\"3264\">\r\n\t\t<div class=\"w-grid-item-h\">\r\n\t\t\t\t\t\t\t<a class=\"w-grid-item-anchor\" href=\"https:\/\/www.zorro.de\/blog\/gastro-wiki\/elektrische-reiskocher\/\" rel=\"bookmark\" aria-label=\"Elektrische Reiskocher\"><\/a>\r\n\t\t\t\t\t\t<div class=\"w-post-elm post_title usg_post_title_1 entry-title color_link_inherit\"><a href=\"https:\/\/www.zorro.de\/blog\/gastro-wiki\/elektrische-reiskocher\/\">Elektrische Reiskocher<\/a><\/div>\t\t<\/div>\r\n\t<\/article>\r\n\t<article class=\"w-grid-item us_animate_fade size_1x1 post-3318 post type-post status-publish format-standard hentry category-gastro-wiki category-kuechengeraete\" data-id=\"3318\">\r\n\t\t<div class=\"w-grid-item-h\">\r\n\t\t\t\t\t\t\t<a class=\"w-grid-item-anchor\" href=\"https:\/\/www.zorro.de\/blog\/gastro-wiki\/fleischwolf\/\" rel=\"bookmark\" aria-label=\"Fleischwolf\"><\/a>\r\n\t\t\t\t\t\t<div class=\"w-post-elm post_title usg_post_title_1 entry-title color_link_inherit\"><a href=\"https:\/\/www.zorro.de\/blog\/gastro-wiki\/fleischwolf\/\">Fleischwolf<\/a><\/div>\t\t<\/div>\r\n\t<\/article>\r\n\t<article class=\"w-grid-item us_animate_fade size_1x1 post-3288 post type-post status-publish format-standard hentry category-buffet-catering category-gastro-wiki\" data-id=\"3288\">\r\n\t\t<div class=\"w-grid-item-h\">\r\n\t\t\t\t\t\t\t<a class=\"w-grid-item-anchor\" href=\"https:\/\/www.zorro.de\/blog\/gastro-wiki\/gluehweinkocher\/\" rel=\"bookmark\" aria-label=\"Gl\u00fchweinkocher\"><\/a>\r\n\t\t\t\t\t\t<div class=\"w-post-elm post_title usg_post_title_1 entry-title color_link_inherit\"><a href=\"https:\/\/www.zorro.de\/blog\/gastro-wiki\/gluehweinkocher\/\">Gl\u00fchweinkocher<\/a><\/div>\t\t<\/div>\r\n\t<\/article>\r\n\t<article class=\"w-grid-item us_animate_fade size_1x1 post-3280 post type-post status-publish format-standard hentry category-gastro-wiki category-kochgeraete\" data-id=\"3280\">\r\n\t\t<div class=\"w-grid-item-h\">\r\n\t\t\t\t\t\t\t<a class=\"w-grid-item-anchor\" href=\"https:\/\/www.zorro.de\/blog\/gastro-wiki\/griddleplatten\/\" rel=\"bookmark\" aria-label=\"Griddleplatten\"><\/a>\r\n\t\t\t\t\t\t<div class=\"w-post-elm post_title usg_post_title_1 entry-title color_link_inherit\"><a href=\"https:\/\/www.zorro.de\/blog\/gastro-wiki\/griddleplatten\/\">Griddleplatten<\/a><\/div>\t\t<\/div>\r\n\t<\/article>\r\n<\/div><div class=\"w-grid-preloader\"><div class=\"g-preloader type_1\">\r\n\t<div><\/div>\r\n<\/div>\r\n<\/div>\t\t<div class=\"g-loadmore \">\r\n\t\t\t<div class=\"g-preloader type_1\">\r\n\t\t\t\t<div><\/div>\r\n\t\t\t<\/div>\r\n\t\t\t<button class=\"w-btn us-btn-style_1\">\r\n\t\t\t\t<span class=\"w-btn-label\">Mehr laden<\/span>\r\n\t\t\t<\/button>\r\n\t\t<\/div>\r\n\t\t\t<div class=\"w-grid-json hidden\" onclick='return {&quot;action&quot;:&quot;us_ajax_grid&quot;,&quot;ajax_url&quot;:&quot;https:\\\/\\\/www.zorro.de\\\/blog\\\/wp-admin\\\/admin-ajax.php&quot;,&quot;infinite_scroll&quot;:true,&quot;max_num_pages&quot;:3,&quot;pagination&quot;:&quot;ajax&quot;,&quot;permalink_url&quot;:&quot;https:\\\/\\\/www.zorro.de\\\/blog\\\/wp-json\\\/wp\\\/v2\\\/pages\\\/3320&quot;,&quot;template_vars&quot;:{&quot;columns&quot;:&quot;1&quot;,&quot;exclude_items&quot;:&quot;none&quot;,&quot;img_size&quot;:&quot;default&quot;,&quot;ignore_items_size&quot;:0,&quot;items_layout&quot;:&quot;blog_3&quot;,&quot;items_offset&quot;:&quot;1&quot;,&quot;load_animation&quot;:&quot;fade&quot;,&quot;overriding_link&quot;:&quot;post&quot;,&quot;post_id&quot;:3320,&quot;query_args&quot;:{&quot;post_type&quot;:[&quot;post&quot;],&quot;tax_query&quot;:[{&quot;taxonomy&quot;:&quot;category&quot;,&quot;field&quot;:&quot;slug&quot;,&quot;terms&quot;:[&quot;buffet-catering&quot;,&quot;kochgeraete&quot;,&quot;kuechengeraete&quot;,&quot;kuehlgeraete&quot;]}],&quot;post_status&quot;:[&quot;publish&quot;],&quot;posts_per_page&quot;:&quot;10&quot;},&quot;orderby_query_args&quot;:{&quot;orderby&quot;:{&quot;title&quot;:&quot;ASC&quot;},&quot;order&quot;:&quot;ASC&quot;},&quot;type&quot;:&quot;masonry&quot;,&quot;us_grid_ajax_index&quot;:1,&quot;us_grid_filter_params&quot;:null,&quot;us_grid_index&quot;:1,&quot;_us_grid_post_type&quot;:&quot;post&quot;}}'><\/div>\r\n\t<\/div><\/div><\/div><\/div><\/div><\/div><\/section>\n","protected":false},"excerpt":{"rendered":"Gastro WikiBuffet &#038; CateringChafing DishesGl\u00fchweinkocherSuppenkessel und ThekenkesselW\u00e4rmelampenKochger\u00e4teCr\u00eape-EisenElektrische Pizza\u00f6fenElektrische ReiskocherGriddleplattenGyrosgrillsNudelkocherTeppanyaki-GrillWaffeleisenK\u00fcchenger\u00e4teElektrische D\u00f6nermesserElektrische Gem\u00fcseschneiderFleischwolfSpiralkneterVakuumiererK\u00fchlger\u00e4teEisw\u00fcrfelbereiterK\u00fchlvitrinenPizzatischSchockfrosterSonstigesSaladettenzur\u00fcck zum Gastro wikimenuGastro Wiki Men\u00fcGastro WikiBuffet &#038; CateringChafing DishesGl\u00fchweinkocherSuppenkessel und ThekenkesselW\u00e4rmelampenKochger\u00e4teCr\u00eape-EisenElektrische Pizza\u00f6fenElektrische ReiskocherGriddleplattenGyrosgrillsNudelkocherTeppanyaki-GrillWaffeleisenK\u00fcchenger\u00e4teElektrische D\u00f6nermesserElektrische Gem\u00fcseschneiderFleischwolfSpiralkneterVakuumiererK\u00fchlger\u00e4teEisw\u00fcrfelbereiterK\u00fchlvitrinenPizzatischSchockfrosterSonstigesSaladetten Griddleplatteneventzuletzt aktualisiert am 20. Januar 2025zur\u00fcck zum Gastro wiki Wie man eine Griddleplatte in der Gastronomie verwendet: Griddleplatten, auch Bratplatten genannt, sind vielseitige und leistungsstarke Ger\u00e4te in der Gastronomie,...","protected":false},"author":5,"featured_media":0,"parent":0,"menu_order":0,"comment_status":"closed","ping_status":"closed","template":"","meta":{"inline_featured_image":false,"footnotes":""},"class_list":["post-3320","page","type-page","status-publish","hentry"],"_links":{"self":[{"href":"https:\/\/www.zorro.de\/blog\/wp-json\/wp\/v2\/pages\/3320","targetHints":{"allow":["GET"]}}],"collection":[{"href":"https:\/\/www.zorro.de\/blog\/wp-json\/wp\/v2\/pages"}],"about":[{"href":"https:\/\/www.zorro.de\/blog\/wp-json\/wp\/v2\/types\/page"}],"author":[{"embeddable":true,"href":"https:\/\/www.zorro.de\/blog\/wp-json\/wp\/v2\/users\/5"}],"replies":[{"embeddable":true,"href":"https:\/\/www.zorro.de\/blog\/wp-json\/wp\/v2\/comments?post=3320"}],"version-history":[{"count":56,"href":"https:\/\/www.zorro.de\/blog\/wp-json\/wp\/v2\/pages\/3320\/revisions"}],"predecessor-version":[{"id":3656,"href":"https:\/\/www.zorro.de\/blog\/wp-json\/wp\/v2\/pages\/3320\/revisions\/3656"}],"wp:attachment":[{"href":"https:\/\/www.zorro.de\/blog\/wp-json\/wp\/v2\/media?parent=3320"}],"curies":[{"name":"wp","href":"https:\/\/api.w.org\/{rel}","templated":true}]}}